{"id":10748,"date":"2025-08-14T09:00:10","date_gmt":"2025-08-14T04:00:10","guid":{"rendered":"https:\/\/mpower.com.tm\/kontakty\/"},"modified":"2025-08-25T14:02:12","modified_gmt":"2025-08-25T09:02:12","slug":"aragatnasyk-ucin","status":"publish","type":"page","link":"https:\/\/mpower.com.tm\/tm\/aragatnasyk-ucin\/","title":{"rendered":"Aragatna\u015fyk \u00fc\u00e7in"},"content":{"rendered":"<div class=\"wpb-content-wrapper\"><p>[vc_row][vc_column][vc_raw_html css=&#8221;.vc_custom_1755099722044{margin-bottom: 1px !important;}&#8221;]JTNDaWZyYW1lJTIwc3JjJTNEJTIyaHR0cHMlM0ElMkYlMkZ3d3cuZ29vZ2xlLmNvbSUyRm1hcHMlMkZlbWJlZCUzRnBiJTNEJTIxMW0xOCUyMTFtMTIlMjExbTMlMjExZDE3Nzg4LjU0ODgxMDIxMTM5JTIxMmQ1OC40OTE2MzMxOTY2NTM1MyUyMTNkMzcuOTg2NDQyODcyOTEzMDElMjEybTMlMjExZjAlMjEyZjAlMjEzZjAlMjEzbTIlMjExaTEwMjQlMjEyaTc2OCUyMTRmMTMuMSUyMTNtMyUyMTFtMiUyMTFzMHgzZjZmZjkwMDI1MzcxZDQ3JTI1M0EweGI3MzgxODBhZjU2YTk5Y2ElMjEyc00lMjUyMFBvd2VyJTIxNWUwJTIxM20yJTIxMXNydSUyMTJzdXMlMjE0djE3NTUwODAzNjY0MDclMjE1bTIlMjExc3J1JTIxMnN1cyUyMiUyMHdpZHRoJTNEJTIyMTIwMCUyMiUyMGhlaWdodCUzRCUyMjQwMCUyMiUyMHN0eWxlJTNEJTIyYm9yZGVyJTNBMCUzQiUyMiUyMGFsbG93ZnVsbHNjcmVlbiUzRCUyMiUyMiUyMGxvYWRpbmclM0QlMjJsYXp5JTIyJTIwcmVmZXJyZXJwb2xpY3klM0QlMjJuby1yZWZlcnJlci13aGVuLWRvd25ncmFkZSUyMiUzRSUzQyUyRmlmcmFtZSUzRQ==[\/vc_raw_html][\/vc_column][\/vc_row][vc_row full_width=&#8221;stretch_row_content_no_spaces&#8221; mobile_bg_img_hidden=&#8221;no&#8221; tablet_bg_img_hidden=&#8221;no&#8221; woodmart_parallax=&#8221;0&#8243; woodmart_gradient_switch=&#8221;no&#8221; row_reverse_mobile=&#8221;0&#8243; row_reverse_tablet=&#8221;0&#8243; woodmart_disable_overflow=&#8221;0&#8243;][vc_column][vc_empty_space height=&#8221;20px&#8221; woodmart_hide_large=&#8221;0&#8243; woodmart_hide_medium=&#8221;0&#8243; woodmart_hide_small=&#8221;0&#8243;][\/vc_column][\/vc_row][vc_row equal_height=&#8221;yes&#8221; css_animation=&#8221;none&#8221; css=&#8221;.vc_custom_1755592260641{margin-top: -30px !important;margin-right: -50px !important;margin-bottom: -30px !important;margin-left: -50px !important;}&#8221; woodmart_css_id=&#8221;68a4363d3281f&#8221; responsive_spacing=&#8221;eyJwYXJhbV90eXBlIjoid29vZG1hcnRfcmVzcG9uc2l2ZV9zcGFjaW5nIiwic2VsZWN0b3JfaWQiOiI2OGE0MzYzZDMyODFmIiwic2hvcnRjb2RlIjoidmNfcm93IiwiZGF0YSI6eyJ0YWJsZXQiOnt9LCJtb2JpbGUiOnt9fX0=&#8221; mobile_bg_img_hidden=&#8221;no&#8221; tablet_bg_img_hidden=&#8221;no&#8221; woodmart_parallax=&#8221;0&#8243; woodmart_gradient_switch=&#8221;no&#8221; woodmart_box_shadow=&#8221;no&#8221; wd_z_index=&#8221;no&#8221; woodmart_disable_overflow=&#8221;0&#8243; row_reverse_mobile=&#8221;0&#8243; row_reverse_tablet=&#8221;0&#8243;][vc_column css=&#8221;.vc_custom_1496927710186{border-right-width: 1px !important;padding-top: 20px !important;padding-right: 50px !important;padding-bottom: 10px !important;padding-left: 50px !important;border-right-color: #e8e8e8 !important;border-right-style: solid !important;}&#8221; offset=&#8221;vc_col-lg-6 vc_col-md-6&#8243;]\n\t\t<div id=\"wd-68a6d5efdfa0d\" class=\"title-wrapper wd-wpb wd-set-mb reset-last-child  wd-rs-68a6d5efdfa0d wd-title-color-default wd-title-style-default text-left  wd-underline-colored\">\n\t\t\t\n\t\t\t<div class=\"liner-continer\">\n\t\t\t\t<h4 class=\"woodmart-title-container title  wd-font-weight- wd-fontsize-l\" >BIZI\u0147 ARAGATNA\u015eYK MAGLUMATLARYMYZ<\/h4>\n\t\t\t\t\t\t\t<\/div>\n\t\t\t\n\t\t\t\n\t\t\t\n\t\t<\/div>\n\t\t\n\t\t\n\t\t<ul class=\" wd-rs-68a6d6db6b5e5 wd-list wd-wpb color-scheme- wd-fontsize-s wd-type-icon wd-style-default text-left \" id=\"wd-68a6d6db6b5e5\">\n\t\t\t\t\t\t\t\t\t\t\t<li>\n\t\t\t\t\t<span class=\"wd-icon list-icon vc_li vc_li-phone\"><\/span>\n\t\t\t\t\t<span class=\"wd-list-content list-content\">Telefon: +993 61 550055<\/span>\n\t\t\t\t\t\t\t\t\t\t\t<a class=\"wd-fill\" href=\"tel:+99361550055\" title=\"\" aria-label=\"List link\"><\/a>\n\t\t\t\t\t\t\t\t\t<\/li>\n\t\t\t\t\t<\/ul>\n\t\t\n\t\t<ul class=\" wd-rs-68a6d7017ff78 wd-list wd-wpb color-scheme- wd-fontsize-s wd-type-icon wd-style-default text-left \" id=\"wd-68a6d7017ff78\">\n\t\t\t\t\t\t\t\t\t\t\t<li>\n\t\t\t\t\t<span class=\"wd-icon list-icon vc_li vc_li-mail\"><\/span>\n\t\t\t\t\t<span class=\"wd-list-content list-content\">E-po\u00e7ta: info@mpower-tm.com<\/span>\n\t\t\t\t\t\t\t\t\t\t\t<a class=\"wd-fill\" href=\"mailto:info@mpower-tm.com\" title=\"\" aria-label=\"List link\"><\/a>\n\t\t\t\t\t\t\t\t\t<\/li>\n\t\t\t\t\t<\/ul>\n\t\t\n\t\t<ul class=\" wd-rs-68a6d73561d7c wd-list wd-wpb color-scheme- wd-fontsize-s wd-type-icon wd-style-default text-left \" id=\"wd-68a6d73561d7c\">\n\t\t\t\t\t\t\t\t\t\t\t<li>\n\t\t\t\t\t<span class=\"wd-icon list-icon vc_li vc_li-location\"><\/span>\n\t\t\t\t\t<span class=\"wd-list-content list-content\">Salgysy: Aktam 1-nji blok, 11\u201312-nji d\u00fckany\u0148 \ni\u00e7inde A\u015fgabat, T\u00fcrkmenistan<\/span>\n\t\t\t\t\t\t\t\t\t\t\t<a class=\"wd-fill\" href=\"https:\/\/maps.app.goo.gl\/hgA2Gj3Tc3RCU4QA9\" title=\"\" target=\"_blank\" aria-label=\"List link\"><\/a>\n\t\t\t\t\t\t\t\t\t<\/li>\n\t\t\t\t\t<\/ul>\n\t\t[\/vc_column][vc_column css=&#8221;.vc_custom_1496927688909{padding-top: 20px !important;padding-right: 50px !important;padding-bottom: 10px !important;padding-left: 50px !important;}&#8221; offset=&#8221;vc_col-lg-6 vc_col-md-6&#8243;]\t\t\t\t\t<div class=\"wd-cf7 wd-wpb wd-rs-68a6d76b076af\">\n\t\t\t\t\n<div class=\"wpcf7 no-js\" id=\"wpcf7-f10964-o1\" lang=\"ru-RU\" dir=\"ltr\" data-wpcf7-id=\"10964\">\n<div class=\"screen-reader-response\"><p role=\"status\" aria-live=\"polite\" aria-atomic=\"true\"><\/p> <ul><\/ul><\/div>\n<form action=\"\/tm\/wp-json\/wp\/v2\/pages\/10748#wpcf7-f10964-o1\" method=\"post\" class=\"wpcf7-form init\" aria-label=\"Contact form\" novalidate=\"novalidate\" data-status=\"init\">\n<fieldset class=\"hidden-fields-container\"><input type=\"hidden\" name=\"_wpcf7\" value=\"10964\" \/><input type=\"hidden\" name=\"_wpcf7_version\" value=\"6.1.1\" \/><input type=\"hidden\" name=\"_wpcf7_locale\" value=\"ru_RU\" \/><input type=\"hidden\" name=\"_wpcf7_unit_tag\" value=\"wpcf7-f10964-o1\" \/><input type=\"hidden\" name=\"_wpcf7_container_post\" value=\"0\" \/><input type=\"hidden\" name=\"_wpcf7_posted_data_hash\" value=\"\" \/>\n<\/fieldset>\n<div class=\"row\">\n\t<p class=\"col-md-6\"><label>Ady\u0148yz<\/label><span class=\"wpcf7-form-control-wrap\" data-name=\"your-name\"><input size=\"40\" maxlength=\"400\" class=\"wpcf7-form-control wpcf7-text wpcf7-validates-as-required\" aria-required=\"true\" aria-invalid=\"false\" value=\"\" type=\"text\" name=\"your-name\" \/><\/span>\n\t<\/p>\n\t<p class=\"col-md-6\"><label>Sizi\u0148 e-po\u00e7ta\u0148yz<\/label><span class=\"wpcf7-form-control-wrap\" data-name=\"your-email\"><input size=\"40\" maxlength=\"400\" class=\"wpcf7-form-control wpcf7-email wpcf7-validates-as-required wpcf7-text wpcf7-validates-as-email\" aria-required=\"true\" aria-invalid=\"false\" value=\"\" type=\"email\" name=\"your-email\" \/><\/span>\n\t<\/p>\n<\/div>\n<div class=\"row\">\n\t<p class=\"col-md-12\"><label>Telefon belgisi<\/label><span class=\"wpcf7-form-control-wrap\" data-name=\"tel-767\"><input size=\"40\" maxlength=\"400\" class=\"wpcf7-form-control wpcf7-tel wpcf7-validates-as-required wpcf7-text wpcf7-validates-as-tel\" aria-required=\"true\" aria-invalid=\"false\" value=\"\" type=\"tel\" name=\"tel-767\" \/><\/span>\n\t<\/p>\n<\/div>\n<p><label>Sizi\u0148 habary\u0148yz<\/label><span class=\"wpcf7-form-control-wrap\" data-name=\"your-message\"><textarea cols=\"40\" rows=\"10\" maxlength=\"2000\" class=\"wpcf7-form-control wpcf7-textarea\" aria-invalid=\"false\" name=\"your-message\"><\/textarea><\/span>\n<\/p>\n<p><input class=\"wpcf7-form-control wpcf7-submit has-spinner btn-color-black\" type=\"submit\" value=\"IBER\" \/>\n<\/p><div class=\"wpcf7-response-output\" aria-hidden=\"true\"><\/div>\n<\/form>\n<\/div>\n\t\t\t<\/div>\n\t\t\t\t[\/vc_column][\/vc_row]<\/p>\n<\/div>","protected":false},"excerpt":{"rendered":"<p>[vc_row][vc_column][vc_raw_html css=&#8221;.vc_custom_1755099722044{margin-bottom: 1px !important;}&#8221;]JTNDaWZyYW1lJTIwc3JjJTNEJTIyaHR0cHMlM0ElMkYlMkZ3d3cuZ29vZ2xlLmNvbSUyRm1hcHMlMkZlbWJlZCUzRnBiJTNEJTIxMW0xOCUyMTFtMTIlMjExbTMlMjExZDE3Nzg4LjU0ODgxMDIxMTM5JTIxMmQ1OC40OTE2MzMxOTY2NTM1MyUyMTNkMzcuOTg2NDQyODcyOTEzMDElMjEybTMlMjExZjAlMjEyZjAlMjEzZjAlMjEzbTIlMjExaTEwMjQlMjEyaTc2OCUyMTRmMTMuMSUyMTNtMyUyMTFtMiUyMTFzMHgzZjZmZjkwMDI1MzcxZDQ3JTI1M0EweGI3MzgxODBhZjU2YTk5Y2ElMjEyc00lMjUyMFBvd2VyJTIxNWUwJTIxM20yJTIxMXNydSUyMTJzdXMlMjE0djE3NTUwODAzNjY0MDclMjE1bTIlMjExc3J1JTIxMnN1cyUyMiUyMHdpZHRoJTNEJTIyMTIwMCUyMiUyMGhlaWdodCUzRCUyMjQwMCUyMiUyMHN0eWxlJTNEJTIyYm9yZGVyJTNBMCUzQiUyMiUyMGFsbG93ZnVsbHNjcmVlbiUzRCUyMiUyMiUyMGxvYWRpbmclM0QlMjJsYXp5JTIyJTIwcmVmZXJyZXJwb2xpY3klM0QlMjJuby1yZWZlcnJlci13aGVuLWRvd25ncmFkZSUyMiUzRSUzQyUyRmlmcmFtZSUzRQ==[\/vc_raw_html][\/vc_column][\/vc_row][vc_row full_width=&#8221;stretch_row_content_no_spaces&#8221; mobile_bg_img_hidden=&#8221;no&#8221; tablet_bg_img_hidden=&#8221;no&#8221; woodmart_parallax=&#8221;0&#8243; woodmart_gradient_switch=&#8221;no&#8221; row_reverse_mobile=&#8221;0&#8243; row_reverse_tablet=&#8221;0&#8243; woodmart_disable_overflow=&#8221;0&#8243;][vc_column][vc_empty_space height=&#8221;20px&#8221; woodmart_hide_large=&#8221;0&#8243; woodmart_hide_medium=&#8221;0&#8243; woodmart_hide_small=&#8221;0&#8243;][\/vc_column][\/vc_row][vc_row equal_height=&#8221;yes&#8221; css_animation=&#8221;none&#8221; css=&#8221;.vc_custom_1755592260641{margin-top: -30px<\/p>\n","protected":false},"author":1,"featured_media":0,"parent":0,"menu_order":0,"comment_status":"closed","ping_status":"closed","template":"","meta":{"footnotes":""},"class_list":["post-10748","page","type-page","status-publish","hentry"],"yoast_head":"<!-- This site is optimized with the Yoast SEO plugin v25.7 - https:\/\/yoast.com\/wordpress\/plugins\/seo\/ -->\n<title>Aragatna\u015fyk \u00fc\u00e7in | MPower<\/title>\n<meta name=\"robots\" content=\"index, follow, max-snippet:-1, max-image-preview:large, max-video-preview:-1\" \/>\n<link rel=\"canonical\" href=\"https:\/\/mpower.com.tm\/tm\/aragatnasyk-ucin\/\" \/>\n<meta property=\"og:locale\" content=\"tk_TM\" \/>\n<meta property=\"og:type\" content=\"article\" \/>\n<meta property=\"og:title\" content=\"Aragatna\u015fyk \u00fc\u00e7in | MPower\" \/>\n<meta property=\"og:description\" content=\"[vc_row][vc_column][vc_raw_html css=&#8221;.vc_custom_1755099722044{margin-bottom: 1px !important;}&#8221;]JTNDaWZyYW1lJTIwc3JjJTNEJTIyaHR0cHMlM0ElMkYlMkZ3d3cuZ29vZ2xlLmNvbSUyRm1hcHMlMkZlbWJlZCUzRnBiJTNEJTIxMW0xOCUyMTFtMTIlMjExbTMlMjExZDE3Nzg4LjU0ODgxMDIxMTM5JTIxMmQ1OC40OTE2MzMxOTY2NTM1MyUyMTNkMzcuOTg2NDQyODcyOTEzMDElMjEybTMlMjExZjAlMjEyZjAlMjEzZjAlMjEzbTIlMjExaTEwMjQlMjEyaTc2OCUyMTRmMTMuMSUyMTNtMyUyMTFtMiUyMTFzMHgzZjZmZjkwMDI1MzcxZDQ3JTI1M0EweGI3MzgxODBhZjU2YTk5Y2ElMjEyc00lMjUyMFBvd2VyJTIxNWUwJTIxM20yJTIxMXNydSUyMTJzdXMlMjE0djE3NTUwODAzNjY0MDclMjE1bTIlMjExc3J1JTIxMnN1cyUyMiUyMHdpZHRoJTNEJTIyMTIwMCUyMiUyMGhlaWdodCUzRCUyMjQwMCUyMiUyMHN0eWxlJTNEJTIyYm9yZGVyJTNBMCUzQiUyMiUyMGFsbG93ZnVsbHNjcmVlbiUzRCUyMiUyMiUyMGxvYWRpbmclM0QlMjJsYXp5JTIyJTIwcmVmZXJyZXJwb2xpY3klM0QlMjJuby1yZWZlcnJlci13aGVuLWRvd25ncmFkZSUyMiUzRSUzQyUyRmlmcmFtZSUzRQ==[\/vc_raw_html][\/vc_column][\/vc_row][vc_row full_width=&#8221;stretch_row_content_no_spaces&#8221; mobile_bg_img_hidden=&#8221;no&#8221; tablet_bg_img_hidden=&#8221;no&#8221; woodmart_parallax=&#8221;0&#8243; woodmart_gradient_switch=&#8221;no&#8221; row_reverse_mobile=&#8221;0&#8243; row_reverse_tablet=&#8221;0&#8243; woodmart_disable_overflow=&#8221;0&#8243;][vc_column][vc_empty_space height=&#8221;20px&#8221; woodmart_hide_large=&#8221;0&#8243; woodmart_hide_medium=&#8221;0&#8243; woodmart_hide_small=&#8221;0&#8243;][\/vc_column][\/vc_row][vc_row equal_height=&#8221;yes&#8221; css_animation=&#8221;none&#8221; css=&#8221;.vc_custom_1755592260641{margin-top: -30px\" \/>\n<meta property=\"og:url\" content=\"https:\/\/mpower.com.tm\/tm\/aragatnasyk-ucin\/\" \/>\n<meta property=\"og:site_name\" content=\"MPower\" \/>\n<meta property=\"article:modified_time\" content=\"2025-08-25T09:02:12+00:00\" \/>\n<meta property=\"og:image\" content=\"https:\/\/mpower.com.tm\/wp-content\/uploads\/2025\/08\/mpower-elektrotehnicheskoe-oborudovanie-v-turkmenistane.jpg\" \/>\n\t<meta property=\"og:image:width\" content=\"1901\" \/>\n\t<meta property=\"og:image:height\" content=\"947\" \/>\n\t<meta property=\"og:image:type\" content=\"image\/jpeg\" \/>\n<meta name=\"twitter:card\" content=\"summary_large_image\" \/>\n<meta name=\"twitter:label1\" content=\"Est. reading time\" \/>\n\t<meta name=\"twitter:data1\" content=\"1 minute\" \/>\n<script type=\"application\/ld+json\" class=\"yoast-schema-graph\">{\"@context\":\"https:\/\/schema.org\",\"@graph\":[{\"@type\":\"WebPage\",\"@id\":\"https:\/\/mpower.com.tm\/tm\/aragatnasyk-ucin\/\",\"url\":\"https:\/\/mpower.com.tm\/tm\/aragatnasyk-ucin\/\",\"name\":\"Aragatna\u015fyk \u00fc\u00e7in | MPower\",\"isPartOf\":{\"@id\":\"https:\/\/mpower.com.tm\/#website\"},\"datePublished\":\"2025-08-14T04:00:10+00:00\",\"dateModified\":\"2025-08-25T09:02:12+00:00\",\"breadcrumb\":{\"@id\":\"https:\/\/mpower.com.tm\/tm\/aragatnasyk-ucin\/#breadcrumb\"},\"inLanguage\":\"tk-TM\",\"potentialAction\":[{\"@type\":\"ReadAction\",\"target\":[\"https:\/\/mpower.com.tm\/tm\/aragatnasyk-ucin\/\"]}]},{\"@type\":\"BreadcrumbList\",\"@id\":\"https:\/\/mpower.com.tm\/tm\/aragatnasyk-ucin\/#breadcrumb\",\"itemListElement\":[{\"@type\":\"ListItem\",\"position\":1,\"name\":\"\u0413\u043b\u0430\u0432\u043d\u0430\u044f \u0441\u0442\u0440\u0430\u043d\u0438\u0446\u0430\",\"item\":\"https:\/\/mpower.com.tm\/tm\/\"},{\"@type\":\"ListItem\",\"position\":2,\"name\":\"Aragatna\u015fyk \u00fc\u00e7in\"}]},{\"@type\":\"WebSite\",\"@id\":\"https:\/\/mpower.com.tm\/#website\",\"url\":\"https:\/\/mpower.com.tm\/\",\"name\":\"MPower\",\"description\":\"\u042d\u043b\u0435\u043a\u0442\u0440\u043e\u0442\u0435\u0445\u043d\u0438\u0447\u0435\u0441\u043a\u043e\u0435 \u043e\u0431\u043e\u0440\u0443\u0434\u043e\u0432\u0430\u043d\u0438\u0435 \u0432 \u0422\u0443\u0440\u043a\u043c\u0435\u043d\u0438\u0441\u0442\u0430\u043d\u0435\",\"publisher\":{\"@id\":\"https:\/\/mpower.com.tm\/#organization\"},\"potentialAction\":[{\"@type\":\"SearchAction\",\"target\":{\"@type\":\"EntryPoint\",\"urlTemplate\":\"https:\/\/mpower.com.tm\/?s={search_term_string}\"},\"query-input\":{\"@type\":\"PropertyValueSpecification\",\"valueRequired\":true,\"valueName\":\"search_term_string\"}}],\"inLanguage\":\"tk-TM\"},{\"@type\":\"Organization\",\"@id\":\"https:\/\/mpower.com.tm\/#organization\",\"name\":\"MPower\",\"url\":\"https:\/\/mpower.com.tm\/\",\"logo\":{\"@type\":\"ImageObject\",\"inLanguage\":\"tk-TM\",\"@id\":\"https:\/\/mpower.com.tm\/#\/schema\/logo\/image\/\",\"url\":\"https:\/\/mpower.com.tm\/wp-content\/uploads\/2025\/08\/02.png\",\"contentUrl\":\"https:\/\/mpower.com.tm\/wp-content\/uploads\/2025\/08\/02.png\",\"width\":512,\"height\":512,\"caption\":\"MPower\"},\"image\":{\"@id\":\"https:\/\/mpower.com.tm\/#\/schema\/logo\/image\/\"},\"sameAs\":[\"https:\/\/www.instagram.com\/reel\/DL4yTlhMBsi\/\"]}]}<\/script>\n<!-- \/ Yoast SEO plugin. -->","yoast_head_json":{"title":"Aragatna\u015fyk \u00fc\u00e7in | MPower","robots":{"index":"index","follow":"follow","max-snippet":"max-snippet:-1","max-image-preview":"max-image-preview:large","max-video-preview":"max-video-preview:-1"},"canonical":"https:\/\/mpower.com.tm\/tm\/aragatnasyk-ucin\/","og_locale":"tk_TM","og_type":"article","og_title":"Aragatna\u015fyk \u00fc\u00e7in | MPower","og_description":"[vc_row][vc_column][vc_raw_html css=&#8221;.vc_custom_1755099722044{margin-bottom: 1px !important;}&#8221;]JTNDaWZyYW1lJTIwc3JjJTNEJTIyaHR0cHMlM0ElMkYlMkZ3d3cuZ29vZ2xlLmNvbSUyRm1hcHMlMkZlbWJlZCUzRnBiJTNEJTIxMW0xOCUyMTFtMTIlMjExbTMlMjExZDE3Nzg4LjU0ODgxMDIxMTM5JTIxMmQ1OC40OTE2MzMxOTY2NTM1MyUyMTNkMzcuOTg2NDQyODcyOTEzMDElMjEybTMlMjExZjAlMjEyZjAlMjEzZjAlMjEzbTIlMjExaTEwMjQlMjEyaTc2OCUyMTRmMTMuMSUyMTNtMyUyMTFtMiUyMTFzMHgzZjZmZjkwMDI1MzcxZDQ3JTI1M0EweGI3MzgxODBhZjU2YTk5Y2ElMjEyc00lMjUyMFBvd2VyJTIxNWUwJTIxM20yJTIxMXNydSUyMTJzdXMlMjE0djE3NTUwODAzNjY0MDclMjE1bTIlMjExc3J1JTIxMnN1cyUyMiUyMHdpZHRoJTNEJTIyMTIwMCUyMiUyMGhlaWdodCUzRCUyMjQwMCUyMiUyMHN0eWxlJTNEJTIyYm9yZGVyJTNBMCUzQiUyMiUyMGFsbG93ZnVsbHNjcmVlbiUzRCUyMiUyMiUyMGxvYWRpbmclM0QlMjJsYXp5JTIyJTIwcmVmZXJyZXJwb2xpY3klM0QlMjJuby1yZWZlcnJlci13aGVuLWRvd25ncmFkZSUyMiUzRSUzQyUyRmlmcmFtZSUzRQ==[\/vc_raw_html][\/vc_column][\/vc_row][vc_row full_width=&#8221;stretch_row_content_no_spaces&#8221; mobile_bg_img_hidden=&#8221;no&#8221; tablet_bg_img_hidden=&#8221;no&#8221; woodmart_parallax=&#8221;0&#8243; woodmart_gradient_switch=&#8221;no&#8221; row_reverse_mobile=&#8221;0&#8243; row_reverse_tablet=&#8221;0&#8243; woodmart_disable_overflow=&#8221;0&#8243;][vc_column][vc_empty_space height=&#8221;20px&#8221; woodmart_hide_large=&#8221;0&#8243; woodmart_hide_medium=&#8221;0&#8243; woodmart_hide_small=&#8221;0&#8243;][\/vc_column][\/vc_row][vc_row equal_height=&#8221;yes&#8221; css_animation=&#8221;none&#8221; css=&#8221;.vc_custom_1755592260641{margin-top: -30px","og_url":"https:\/\/mpower.com.tm\/tm\/aragatnasyk-ucin\/","og_site_name":"MPower","article_modified_time":"2025-08-25T09:02:12+00:00","og_image":[{"width":1901,"height":947,"url":"https:\/\/mpower.com.tm\/wp-content\/uploads\/2025\/08\/mpower-elektrotehnicheskoe-oborudovanie-v-turkmenistane.jpg","type":"image\/jpeg"}],"twitter_card":"summary_large_image","twitter_misc":{"Est. reading time":"1 minute"},"schema":{"@context":"https:\/\/schema.org","@graph":[{"@type":"WebPage","@id":"https:\/\/mpower.com.tm\/tm\/aragatnasyk-ucin\/","url":"https:\/\/mpower.com.tm\/tm\/aragatnasyk-ucin\/","name":"Aragatna\u015fyk \u00fc\u00e7in | MPower","isPartOf":{"@id":"https:\/\/mpower.com.tm\/#website"},"datePublished":"2025-08-14T04:00:10+00:00","dateModified":"2025-08-25T09:02:12+00:00","breadcrumb":{"@id":"https:\/\/mpower.com.tm\/tm\/aragatnasyk-ucin\/#breadcrumb"},"inLanguage":"tk-TM","potentialAction":[{"@type":"ReadAction","target":["https:\/\/mpower.com.tm\/tm\/aragatnasyk-ucin\/"]}]},{"@type":"BreadcrumbList","@id":"https:\/\/mpower.com.tm\/tm\/aragatnasyk-ucin\/#breadcrumb","itemListElement":[{"@type":"ListItem","position":1,"name":"\u0413\u043b\u0430\u0432\u043d\u0430\u044f \u0441\u0442\u0440\u0430\u043d\u0438\u0446\u0430","item":"https:\/\/mpower.com.tm\/tm\/"},{"@type":"ListItem","position":2,"name":"Aragatna\u015fyk \u00fc\u00e7in"}]},{"@type":"WebSite","@id":"https:\/\/mpower.com.tm\/#website","url":"https:\/\/mpower.com.tm\/","name":"MPower","description":"\u042d\u043b\u0435\u043a\u0442\u0440\u043e\u0442\u0435\u0445\u043d\u0438\u0447\u0435\u0441\u043a\u043e\u0435 \u043e\u0431\u043e\u0440\u0443\u0434\u043e\u0432\u0430\u043d\u0438\u0435 \u0432 \u0422\u0443\u0440\u043a\u043c\u0435\u043d\u0438\u0441\u0442\u0430\u043d\u0435","publisher":{"@id":"https:\/\/mpower.com.tm\/#organization"},"potentialAction":[{"@type":"SearchAction","target":{"@type":"EntryPoint","urlTemplate":"https:\/\/mpower.com.tm\/?s={search_term_string}"},"query-input":{"@type":"PropertyValueSpecification","valueRequired":true,"valueName":"search_term_string"}}],"inLanguage":"tk-TM"},{"@type":"Organization","@id":"https:\/\/mpower.com.tm\/#organization","name":"MPower","url":"https:\/\/mpower.com.tm\/","logo":{"@type":"ImageObject","inLanguage":"tk-TM","@id":"https:\/\/mpower.com.tm\/#\/schema\/logo\/image\/","url":"https:\/\/mpower.com.tm\/wp-content\/uploads\/2025\/08\/02.png","contentUrl":"https:\/\/mpower.com.tm\/wp-content\/uploads\/2025\/08\/02.png","width":512,"height":512,"caption":"MPower"},"image":{"@id":"https:\/\/mpower.com.tm\/#\/schema\/logo\/image\/"},"sameAs":["https:\/\/www.instagram.com\/reel\/DL4yTlhMBsi\/"]}]}},"_links":{"self":[{"href":"https:\/\/mpower.com.tm\/tm\/wp-json\/wp\/v2\/pages\/10748","targetHints":{"allow":["GET"]}}],"collection":[{"href":"https:\/\/mpower.com.tm\/tm\/wp-json\/wp\/v2\/pages"}],"about":[{"href":"https:\/\/mpower.com.tm\/tm\/wp-json\/wp\/v2\/types\/page"}],"author":[{"embeddable":true,"href":"https:\/\/mpower.com.tm\/tm\/wp-json\/wp\/v2\/users\/1"}],"replies":[{"embeddable":true,"href":"https:\/\/mpower.com.tm\/tm\/wp-json\/wp\/v2\/comments?post=10748"}],"version-history":[{"count":5,"href":"https:\/\/mpower.com.tm\/tm\/wp-json\/wp\/v2\/pages\/10748\/revisions"}],"predecessor-version":[{"id":11008,"href":"https:\/\/mpower.com.tm\/tm\/wp-json\/wp\/v2\/pages\/10748\/revisions\/11008"}],"wp:attachment":[{"href":"https:\/\/mpower.com.tm\/tm\/wp-json\/wp\/v2\/media?parent=10748"}],"curies":[{"name":"wp","href":"https:\/\/api.w.org\/{rel}","templated":true}]}}