{"id":10755,"date":"2025-08-14T07:26:28","date_gmt":"2025-08-14T02:26:28","guid":{"rendered":"https:\/\/mpower.com.tm\/o-nas\/"},"modified":"2025-08-26T17:29:12","modified_gmt":"2025-08-26T12:29:12","slug":"biz-barada","status":"publish","type":"page","link":"https:\/\/mpower.com.tm\/tm\/biz-barada\/","title":{"rendered":"Biz barada"},"content":{"rendered":"<div class=\"wpb-content-wrapper\"><p>[vc_row][vc_column]\n\t\t<div id=\"wd-68ad56aec74ff\" class=\"title-wrapper wd-wpb wd-set-mb reset-last-child  wd-rs-68ad56aec74ff wd-title-color-primary wd-title-style-default text-center vc_custom_1756190395608 wd-underline-colored\">\n\t\t\t\n\t\t\t<div class=\"liner-continer\">\n\t\t\t\t<h4 class=\"woodmart-title-container title  wd-font-weight- wd-fontsize-xxl\" >Biz barada<\/h4>\n\t\t\t\t\t\t\t<\/div>\n\t\t\t\n\t\t\t\n\t\t\t\n\t\t<\/div>\n\t\t\n\t\t[\/vc_column][\/vc_row][vc_section full_width=&#8221;stretch_row&#8221; full_height=&#8221;yes&#8221; content_placement=&#8221;middle&#8221; woodmart_bg_position=&#8221;center-center&#8221; woodmart_gradient_switch=&#8221;yes&#8221; css=&#8221;.vc_custom_1755173348995{margin-bottom: -40px !important;padding-top: 200px !important;padding-bottom: 200px !important;background-image: url(https:\/\/mpower.com.tm\/wp-content\/uploads\/2025\/08\/old-about-me.jpg?id=) !important;background-position: center !important;background-repeat: no-repeat !important;background-size: cover !important;}&#8221; woodmart_color_gradient=&#8221;rgba(255, 255, 255, 0.9)-0\/rgba(255, 255, 255, 0)-41\/|linear-gradient(top , rgba(255, 255, 255, 0.9) , rgba(255, 255, 255, 0) 41%)|linear|top&#8221; woodmart_box_shadow=&#8221;no&#8221; wd_z_index=&#8221;no&#8221; woodmart_css_id=&#8221;689dd1d7d7dd3&#8243; responsive_spacing=&#8221;eyJwYXJhbV90eXBlIjoid29vZG1hcnRfcmVzcG9uc2l2ZV9zcGFjaW5nIiwic2VsZWN0b3JfaWQiOiI2ODlkZDFkN2Q3ZGQzIiwic2hvcnRjb2RlIjoidmNfc2VjdGlvbiIsImRhdGEiOnsidGFibGV0Ijp7InBhZGRpbmctdG9wIjoiMTcwcHgiLCJwYWRkaW5nLWJvdHRvbSI6IjE3MHB4In0sIm1vYmlsZSI6eyJtYXJnaW4tYm90dG9tIjoiLTQwcHgiLCJwYWRkaW5nLXRvcCI6IjE1MHB4IiwicGFkZGluZy1ib3R0b20iOiIxNTBweCJ9fX0=&#8221; mobile_bg_img_hidden=&#8221;no&#8221; tablet_bg_img_hidden=&#8221;no&#8221; woodmart_parallax=&#8221;0&#8243; woodmart_disable_overflow=&#8221;0&#8243;][vc_row css=&#8221;.vc_custom_1500277816326{margin-right: 15px !important;margin-left: 15px !important;}&#8221;][vc_column width=&#8221;1\/2&#8243; css=&#8221;.vc_custom_1632828941347{padding-top: 40px !important;padding-right: 40px !important;padding-bottom: 10px !important;padding-left: 40px !important;background-color: #ffffff !important;}&#8221; woodmart_box_shadow=&#8221;no&#8221; wd_z_index=&#8221;no&#8221; woodmart_css_id=&#8221;6152fe0b1b563&#8243; responsive_spacing=&#8221;eyJwYXJhbV90eXBlIjoid29vZG1hcnRfcmVzcG9uc2l2ZV9zcGFjaW5nIiwic2VsZWN0b3JfaWQiOiI2MTUyZmUwYjFiNTYzIiwic2hvcnRjb2RlIjoidmNfY29sdW1uIiwiZGF0YSI6eyJ0YWJsZXQiOnt9LCJtb2JpbGUiOnt9fX0=&#8221; parallax_scroll=&#8221;no&#8221; mobile_bg_img_hidden=&#8221;no&#8221; tablet_bg_img_hidden=&#8221;no&#8221; woodmart_parallax=&#8221;0&#8243; woodmart_sticky_column=&#8221;false&#8221; mobile_reset_margin=&#8221;no&#8221; tablet_reset_margin=&#8221;no&#8221;][vc_row_inner][vc_column_inner css=&#8221;.vc_custom_1500283497886{padding-top: 0px !important;}&#8221; offset=&#8221;vc_col-lg-6 vc_col-md-6&#8243;]\t\t<div id=\"wd-68ada82299898\" class=\"wd-text-block wd-wpb reset-last-child wd-rs-68ada82299898 text-left wd-fontsize-custom vc_custom_1756211257992\">\n\t\t\t<p>MPower T\u00fcrkmenistany\u0148 elektrotehniki enjamlar pudagyny\u0148 \u00f6\u0148debaryjy kompani\u00fdalaryny\u0148 biri bolup, energetika we elektrotehnologi\u00fdalar bilen baglany\u015fykly gi\u0148 gerimli hyzmatlary we enjamlary h\u00f6d\u00fcrle\u00fd\u00e4r. Kompani\u00fda 2017-nji \u00fdylda esaslandyrylyp, 2023-nji \u00fdylda brendini t\u00e4zeledi we h\u00e4zirki wagtda MPower ady bilen i\u015f alyp bar\u00fdar.<\/p>\n\t\t<\/div>\n\t\t[\/vc_column_inner][vc_column_inner offset=&#8221;vc_col-lg-6 vc_col-md-6&#8243;]\t\t<div id=\"wd-68ada84ac920a\" class=\"wd-text-block wd-wpb reset-last-child wd-rs-68ada84ac920a text-left wd-fontsize-custom vc_custom_1756211282543\">\n\t\t\t<p>Kompani\u00fda pro\u00fdektirlemeden ba\u015flap, enjam \u00fcpj\u00fcn\u00e7iligi, gurnama \u015fe\u00fdle-de tehniki goldawa \u00e7enli \u00e7\u00f6zg\u00fctleri\u0148 doly we toplumla\u00fdyn hyzmatyny h\u00f6d\u00fcrle\u00fd\u00e4r. MPower ygtybarly hyzmatda\u015f h\u00f6km\u00fcnde \u00fdokary hilli \u00f6n\u00fcmleri we hyzmatlary, \u015fe\u00fdle-de her taslamany durmu\u015fa ge\u00e7irmekde professional we jogapk\u00e4r\u00e7ilikli \u00e7emele\u015fmegi\u0148 kepilini ber\u00fd\u00e4r.<\/p>\n\t\t<\/div>\n\t\t[\/vc_column_inner][\/vc_row_inner][vc_separator color=&#8221;custom&#8221; css=&#8221;.vc_custom_1500278392469{margin-bottom: 30px !important;}&#8221; accent_color=&#8221;rgba(130,130,130,0.22)&#8221;][vc_row_inner woodmart_box_shadow=&#8221;no&#8221; wd_z_index=&#8221;no&#8221; woodmart_css_id=&#8221;6152fe10c2c39&#8243; responsive_spacing=&#8221;eyJwYXJhbV90eXBlIjoid29vZG1hcnRfcmVzcG9uc2l2ZV9zcGFjaW5nIiwic2VsZWN0b3JfaWQiOiI2MTUyZmUxMGMyYzM5Iiwic2hvcnRjb2RlIjoidmNfcm93X2lubmVyIiwiZGF0YSI6eyJ0YWJsZXQiOnt9LCJtb2JpbGUiOnt9fX0=&#8221; row_reverse_mobile=&#8221;0&#8243; row_reverse_tablet=&#8221;0&#8243;][vc_column_inner width=&#8221;1\/2&#8243; css=&#8221;.vc_custom_1500278890890{margin-bottom: 0px !important;}&#8221;]\t\t<div id=\"wd-68ada868cbfe2\" class=\"wd-text-block wd-wpb reset-last-child wd-rs-68ada868cbfe2 text-left wd-fontsize-custom vc_custom_1756211310936\">\n\t\t\t<p>MPower d\u00fcn\u00fd\u00e4ni\u0148 \u00f6\u0148debaryjy elektrotehniki \u00f6n\u00fcmler \u00f6nd\u00fcriji kompani\u00fdalary bilen hyzmatda\u015flyk ed\u00fd\u00e4r, bu bolsa m\u00fc\u015fderilere i\u0148 t\u00e4ze we netijeli \u00e7\u00f6zg\u00fctleri h\u00f6d\u00fcrlem\u00e4ge m\u00fcmkin\u00e7ilik ber\u00fd\u00e4r. Alternatiw energi\u00fda ulgamyndaky \u00fdokary h\u00fcn\u00e4r ba\u015farnygyny\u0148 bolmagy MPower-i\u0148 m\u00f6h\u00fcm a\u00fdratynlygydyr.<\/p>\n\t\t<\/div>\n\t\t[\/vc_column_inner][vc_column_inner width=&#8221;1\/2&#8243; css=&#8221;.vc_custom_1500278885623{margin-bottom: 0px !important;}&#8221;]\t\t<div id=\"wd-68ada8875fded\" class=\"wd-text-block wd-wpb reset-last-child wd-rs-68ada8875fded text-left wd-fontsize-custom vc_custom_1756211346848\">\n\t\t\t<p>MPower-i\u0148 agzybir i\u015fg\u00e4rler topary elektrotehnologi\u00fdalar we energi\u00fda pudagynda k\u00f6p \u00fdyllap tejribe toplan \u00fdokary derejeli h\u00fcn\u00e4rmenlerden ybaratdyr. Olar kompani\u00fdany\u0148 i\u015fini\u0148 \u00e4hli ugurlarynda \u00fdokary h\u00fcn\u00e4r we hil derejesini hem-de innowasi\u00fdany \u00fcpj\u00fcn ed\u00fd\u00e4rler.<\/p>\n\t\t<\/div>\n\t\t[\/vc_column_inner][\/vc_row_inner][\/vc_column][\/vc_row][\/vc_section]<\/p>\n<\/div>","protected":false},"excerpt":{"rendered":"<p>[vc_row][vc_column][\/vc_column][\/vc_row][vc_section full_width=&#8221;stretch_row&#8221; full_height=&#8221;yes&#8221; content_placement=&#8221;middle&#8221; woodmart_bg_position=&#8221;center-center&#8221; woodmart_gradient_switch=&#8221;yes&#8221; css=&#8221;.vc_custom_1755173348995{margin-bottom: -40px !important;padding-top: 200px !important;padding-bottom: 200px !important;background-image: url(https:\/\/mpower.com.tm\/wp-content\/uploads\/2025\/08\/old-about-me.jpg?id=) !important;background-position: center !important;background-repeat: no-repeat !important;background-size: cover<\/p>\n","protected":false},"author":1,"featured_media":0,"parent":0,"menu_order":0,"comment_status":"closed","ping_status":"closed","template":"","meta":{"footnotes":""},"class_list":["post-10755","page","type-page","status-publish","hentry"],"yoast_head":"<!-- This site is optimized with the Yoast SEO plugin v25.7 - https:\/\/yoast.com\/wordpress\/plugins\/seo\/ -->\n<title>Biz barada | MPower<\/title>\n<meta name=\"robots\" content=\"index, follow, max-snippet:-1, max-image-preview:large, max-video-preview:-1\" \/>\n<link rel=\"canonical\" href=\"https:\/\/mpower.com.tm\/tm\/biz-barada\/\" \/>\n<meta property=\"og:locale\" content=\"tk_TM\" \/>\n<meta property=\"og:type\" content=\"article\" \/>\n<meta property=\"og:title\" content=\"Biz barada | MPower\" \/>\n<meta property=\"og:description\" content=\"[vc_row][vc_column][\/vc_column][\/vc_row][vc_section full_width=&#8221;stretch_row&#8221; full_height=&#8221;yes&#8221; content_placement=&#8221;middle&#8221; woodmart_bg_position=&#8221;center-center&#8221; woodmart_gradient_switch=&#8221;yes&#8221; css=&#8221;.vc_custom_1755173348995{margin-bottom: -40px !important;padding-top: 200px !important;padding-bottom: 200px !important;background-image: url(https:\/\/mpower.com.tm\/wp-content\/uploads\/2025\/08\/old-about-me.jpg?id=) !important;background-position: center !important;background-repeat: no-repeat !important;background-size: cover\" \/>\n<meta property=\"og:url\" content=\"https:\/\/mpower.com.tm\/tm\/biz-barada\/\" \/>\n<meta property=\"og:site_name\" content=\"MPower\" \/>\n<meta property=\"article:modified_time\" content=\"2025-08-26T12:29:12+00:00\" \/>\n<meta property=\"og:image\" content=\"https:\/\/mpower.com.tm\/wp-content\/uploads\/2025\/08\/mpower-elektrotehnicheskoe-oborudovanie-v-turkmenistane.jpg\" \/>\n\t<meta property=\"og:image:width\" content=\"1901\" \/>\n\t<meta property=\"og:image:height\" content=\"947\" \/>\n\t<meta property=\"og:image:type\" content=\"image\/jpeg\" \/>\n<meta name=\"twitter:card\" content=\"summary_large_image\" \/>\n<meta name=\"twitter:label1\" content=\"Est. reading time\" \/>\n\t<meta name=\"twitter:data1\" content=\"2 minutes\" \/>\n<script type=\"application\/ld+json\" class=\"yoast-schema-graph\">{\"@context\":\"https:\/\/schema.org\",\"@graph\":[{\"@type\":\"WebPage\",\"@id\":\"https:\/\/mpower.com.tm\/tm\/biz-barada\/\",\"url\":\"https:\/\/mpower.com.tm\/tm\/biz-barada\/\",\"name\":\"Biz barada | MPower\",\"isPartOf\":{\"@id\":\"https:\/\/mpower.com.tm\/#website\"},\"datePublished\":\"2025-08-14T02:26:28+00:00\",\"dateModified\":\"2025-08-26T12:29:12+00:00\",\"breadcrumb\":{\"@id\":\"https:\/\/mpower.com.tm\/tm\/biz-barada\/#breadcrumb\"},\"inLanguage\":\"tk-TM\",\"potentialAction\":[{\"@type\":\"ReadAction\",\"target\":[\"https:\/\/mpower.com.tm\/tm\/biz-barada\/\"]}]},{\"@type\":\"BreadcrumbList\",\"@id\":\"https:\/\/mpower.com.tm\/tm\/biz-barada\/#breadcrumb\",\"itemListElement\":[{\"@type\":\"ListItem\",\"position\":1,\"name\":\"\u0413\u043b\u0430\u0432\u043d\u0430\u044f \u0441\u0442\u0440\u0430\u043d\u0438\u0446\u0430\",\"item\":\"https:\/\/mpower.com.tm\/tm\/\"},{\"@type\":\"ListItem\",\"position\":2,\"name\":\"Biz barada\"}]},{\"@type\":\"WebSite\",\"@id\":\"https:\/\/mpower.com.tm\/#website\",\"url\":\"https:\/\/mpower.com.tm\/\",\"name\":\"MPower\",\"description\":\"\u042d\u043b\u0435\u043a\u0442\u0440\u043e\u0442\u0435\u0445\u043d\u0438\u0447\u0435\u0441\u043a\u043e\u0435 \u043e\u0431\u043e\u0440\u0443\u0434\u043e\u0432\u0430\u043d\u0438\u0435 \u0432 \u0422\u0443\u0440\u043a\u043c\u0435\u043d\u0438\u0441\u0442\u0430\u043d\u0435\",\"publisher\":{\"@id\":\"https:\/\/mpower.com.tm\/#organization\"},\"potentialAction\":[{\"@type\":\"SearchAction\",\"target\":{\"@type\":\"EntryPoint\",\"urlTemplate\":\"https:\/\/mpower.com.tm\/?s={search_term_string}\"},\"query-input\":{\"@type\":\"PropertyValueSpecification\",\"valueRequired\":true,\"valueName\":\"search_term_string\"}}],\"inLanguage\":\"tk-TM\"},{\"@type\":\"Organization\",\"@id\":\"https:\/\/mpower.com.tm\/#organization\",\"name\":\"MPower\",\"url\":\"https:\/\/mpower.com.tm\/\",\"logo\":{\"@type\":\"ImageObject\",\"inLanguage\":\"tk-TM\",\"@id\":\"https:\/\/mpower.com.tm\/#\/schema\/logo\/image\/\",\"url\":\"https:\/\/mpower.com.tm\/wp-content\/uploads\/2025\/08\/02.png\",\"contentUrl\":\"https:\/\/mpower.com.tm\/wp-content\/uploads\/2025\/08\/02.png\",\"width\":512,\"height\":512,\"caption\":\"MPower\"},\"image\":{\"@id\":\"https:\/\/mpower.com.tm\/#\/schema\/logo\/image\/\"},\"sameAs\":[\"https:\/\/www.instagram.com\/reel\/DL4yTlhMBsi\/\"]}]}<\/script>\n<!-- \/ Yoast SEO plugin. -->","yoast_head_json":{"title":"Biz barada | MPower","robots":{"index":"index","follow":"follow","max-snippet":"max-snippet:-1","max-image-preview":"max-image-preview:large","max-video-preview":"max-video-preview:-1"},"canonical":"https:\/\/mpower.com.tm\/tm\/biz-barada\/","og_locale":"tk_TM","og_type":"article","og_title":"Biz barada | MPower","og_description":"[vc_row][vc_column][\/vc_column][\/vc_row][vc_section full_width=&#8221;stretch_row&#8221; full_height=&#8221;yes&#8221; content_placement=&#8221;middle&#8221; woodmart_bg_position=&#8221;center-center&#8221; woodmart_gradient_switch=&#8221;yes&#8221; css=&#8221;.vc_custom_1755173348995{margin-bottom: -40px !important;padding-top: 200px !important;padding-bottom: 200px !important;background-image: url(https:\/\/mpower.com.tm\/wp-content\/uploads\/2025\/08\/old-about-me.jpg?id=) !important;background-position: center !important;background-repeat: no-repeat !important;background-size: cover","og_url":"https:\/\/mpower.com.tm\/tm\/biz-barada\/","og_site_name":"MPower","article_modified_time":"2025-08-26T12:29:12+00:00","og_image":[{"width":1901,"height":947,"url":"https:\/\/mpower.com.tm\/wp-content\/uploads\/2025\/08\/mpower-elektrotehnicheskoe-oborudovanie-v-turkmenistane.jpg","type":"image\/jpeg"}],"twitter_card":"summary_large_image","twitter_misc":{"Est. reading time":"2 minutes"},"schema":{"@context":"https:\/\/schema.org","@graph":[{"@type":"WebPage","@id":"https:\/\/mpower.com.tm\/tm\/biz-barada\/","url":"https:\/\/mpower.com.tm\/tm\/biz-barada\/","name":"Biz barada | MPower","isPartOf":{"@id":"https:\/\/mpower.com.tm\/#website"},"datePublished":"2025-08-14T02:26:28+00:00","dateModified":"2025-08-26T12:29:12+00:00","breadcrumb":{"@id":"https:\/\/mpower.com.tm\/tm\/biz-barada\/#breadcrumb"},"inLanguage":"tk-TM","potentialAction":[{"@type":"ReadAction","target":["https:\/\/mpower.com.tm\/tm\/biz-barada\/"]}]},{"@type":"BreadcrumbList","@id":"https:\/\/mpower.com.tm\/tm\/biz-barada\/#breadcrumb","itemListElement":[{"@type":"ListItem","position":1,"name":"\u0413\u043b\u0430\u0432\u043d\u0430\u044f \u0441\u0442\u0440\u0430\u043d\u0438\u0446\u0430","item":"https:\/\/mpower.com.tm\/tm\/"},{"@type":"ListItem","position":2,"name":"Biz barada"}]},{"@type":"WebSite","@id":"https:\/\/mpower.com.tm\/#website","url":"https:\/\/mpower.com.tm\/","name":"MPower","description":"\u042d\u043b\u0435\u043a\u0442\u0440\u043e\u0442\u0435\u0445\u043d\u0438\u0447\u0435\u0441\u043a\u043e\u0435 \u043e\u0431\u043e\u0440\u0443\u0434\u043e\u0432\u0430\u043d\u0438\u0435 \u0432 \u0422\u0443\u0440\u043a\u043c\u0435\u043d\u0438\u0441\u0442\u0430\u043d\u0435","publisher":{"@id":"https:\/\/mpower.com.tm\/#organization"},"potentialAction":[{"@type":"SearchAction","target":{"@type":"EntryPoint","urlTemplate":"https:\/\/mpower.com.tm\/?s={search_term_string}"},"query-input":{"@type":"PropertyValueSpecification","valueRequired":true,"valueName":"search_term_string"}}],"inLanguage":"tk-TM"},{"@type":"Organization","@id":"https:\/\/mpower.com.tm\/#organization","name":"MPower","url":"https:\/\/mpower.com.tm\/","logo":{"@type":"ImageObject","inLanguage":"tk-TM","@id":"https:\/\/mpower.com.tm\/#\/schema\/logo\/image\/","url":"https:\/\/mpower.com.tm\/wp-content\/uploads\/2025\/08\/02.png","contentUrl":"https:\/\/mpower.com.tm\/wp-content\/uploads\/2025\/08\/02.png","width":512,"height":512,"caption":"MPower"},"image":{"@id":"https:\/\/mpower.com.tm\/#\/schema\/logo\/image\/"},"sameAs":["https:\/\/www.instagram.com\/reel\/DL4yTlhMBsi\/"]}]}},"_links":{"self":[{"href":"https:\/\/mpower.com.tm\/tm\/wp-json\/wp\/v2\/pages\/10755","targetHints":{"allow":["GET"]}}],"collection":[{"href":"https:\/\/mpower.com.tm\/tm\/wp-json\/wp\/v2\/pages"}],"about":[{"href":"https:\/\/mpower.com.tm\/tm\/wp-json\/wp\/v2\/types\/page"}],"author":[{"embeddable":true,"href":"https:\/\/mpower.com.tm\/tm\/wp-json\/wp\/v2\/users\/1"}],"replies":[{"embeddable":true,"href":"https:\/\/mpower.com.tm\/tm\/wp-json\/wp\/v2\/comments?post=10755"}],"version-history":[{"count":6,"href":"https:\/\/mpower.com.tm\/tm\/wp-json\/wp\/v2\/pages\/10755\/revisions"}],"predecessor-version":[{"id":11110,"href":"https:\/\/mpower.com.tm\/tm\/wp-json\/wp\/v2\/pages\/10755\/revisions\/11110"}],"wp:attachment":[{"href":"https:\/\/mpower.com.tm\/tm\/wp-json\/wp\/v2\/media?parent=10755"}],"curies":[{"name":"wp","href":"https:\/\/api.w.org\/{rel}","templated":true}]}}