{"id":10754,"date":"2025-08-14T07:26:28","date_gmt":"2025-08-14T02:26:28","guid":{"rendered":"https:\/\/mpower.com.tm\/o-nas\/"},"modified":"2025-08-21T13:29:20","modified_gmt":"2025-08-21T08:29:20","slug":"hakkimizda","status":"publish","type":"page","link":"https:\/\/mpower.com.tm\/tr\/hakkimizda\/","title":{"rendered":"Hakk\u0131m\u0131zda"},"content":{"rendered":"<div class=\"wpb-content-wrapper\"><p>[vc_row][vc_column]\n\t\t<div id=\"wd-68a6d86716cc6\" class=\"title-wrapper wd-wpb wd-set-mb reset-last-child  wd-rs-68a6d86716cc6 wd-title-color-primary wd-title-style-default text-center vc_custom_1755764855536 wd-underline-colored\">\n\t\t\t\n\t\t\t<div class=\"liner-continer\">\n\t\t\t\t<h4 class=\"woodmart-title-container title  wd-font-weight- wd-fontsize-xxl\" >Hakk\u0131m\u0131zda<\/h4>\n\t\t\t\t\t\t\t<\/div>\n\t\t\t\n\t\t\t\n\t\t\t\n\t\t<\/div>\n\t\t\n\t\t[\/vc_column][\/vc_row][vc_section full_width=&#8221;stretch_row&#8221; full_height=&#8221;yes&#8221; content_placement=&#8221;middle&#8221; woodmart_bg_position=&#8221;center-center&#8221; woodmart_gradient_switch=&#8221;yes&#8221; css=&#8221;.vc_custom_1755173348995{margin-bottom: -40px !important;padding-top: 200px !important;padding-bottom: 200px !important;background-image: url(https:\/\/mpower.com.tm\/wp-content\/uploads\/2025\/08\/old-about-me.jpg?id=) !important;background-position: center !important;background-repeat: no-repeat !important;background-size: cover !important;}&#8221; woodmart_color_gradient=&#8221;rgba(255, 255, 255, 0.9)-0\/rgba(255, 255, 255, 0)-41\/|linear-gradient(top , rgba(255, 255, 255, 0.9) , rgba(255, 255, 255, 0) 41%)|linear|top&#8221; woodmart_box_shadow=&#8221;no&#8221; wd_z_index=&#8221;no&#8221; woodmart_css_id=&#8221;689dd1d7d7dd3&#8243; responsive_spacing=&#8221;eyJwYXJhbV90eXBlIjoid29vZG1hcnRfcmVzcG9uc2l2ZV9zcGFjaW5nIiwic2VsZWN0b3JfaWQiOiI2ODlkZDFkN2Q3ZGQzIiwic2hvcnRjb2RlIjoidmNfc2VjdGlvbiIsImRhdGEiOnsidGFibGV0Ijp7InBhZGRpbmctdG9wIjoiMTcwcHgiLCJwYWRkaW5nLWJvdHRvbSI6IjE3MHB4In0sIm1vYmlsZSI6eyJtYXJnaW4tYm90dG9tIjoiLTQwcHgiLCJwYWRkaW5nLXRvcCI6IjE1MHB4IiwicGFkZGluZy1ib3R0b20iOiIxNTBweCJ9fX0=&#8221; mobile_bg_img_hidden=&#8221;no&#8221; tablet_bg_img_hidden=&#8221;no&#8221; woodmart_parallax=&#8221;0&#8243; woodmart_disable_overflow=&#8221;0&#8243;][vc_row css=&#8221;.vc_custom_1500277816326{margin-right: 15px !important;margin-left: 15px !important;}&#8221;][vc_column width=&#8221;1\/2&#8243; css=&#8221;.vc_custom_1632828941347{padding-top: 40px !important;padding-right: 40px !important;padding-bottom: 10px !important;padding-left: 40px !important;background-color: #ffffff !important;}&#8221; woodmart_box_shadow=&#8221;no&#8221; wd_z_index=&#8221;no&#8221; woodmart_css_id=&#8221;6152fe0b1b563&#8243; responsive_spacing=&#8221;eyJwYXJhbV90eXBlIjoid29vZG1hcnRfcmVzcG9uc2l2ZV9zcGFjaW5nIiwic2VsZWN0b3JfaWQiOiI2MTUyZmUwYjFiNTYzIiwic2hvcnRjb2RlIjoidmNfY29sdW1uIiwiZGF0YSI6eyJ0YWJsZXQiOnt9LCJtb2JpbGUiOnt9fX0=&#8221; parallax_scroll=&#8221;no&#8221; mobile_bg_img_hidden=&#8221;no&#8221; tablet_bg_img_hidden=&#8221;no&#8221; woodmart_parallax=&#8221;0&#8243; woodmart_sticky_column=&#8221;false&#8221; mobile_reset_margin=&#8221;no&#8221; tablet_reset_margin=&#8221;no&#8221;][vc_row_inner][vc_column_inner css=&#8221;.vc_custom_1500283497886{padding-top: 0px !important;}&#8221; offset=&#8221;vc_col-lg-6 vc_col-md-6&#8243;]\t\t<div id=\"wd-68a6d87af153d\" class=\"wd-text-block wd-wpb reset-last-child wd-rs-68a6d87af153d text-left wd-fontsize-custom vc_custom_1755764884199\">\n\t\t\t<p>MPower, enerji ve elektrik m\u00fchendisli\u011fi ile ilgili geni\u015f bir hizmet ve ekipman yelpazesi sunan T\u00fcrkmenistan&#8217;da elektrikli ekipman sekt\u00f6r\u00fcn\u00fcn \u00f6nde gelen \u015firketlerinden biridir. \u015eirket 2017 y\u0131l\u0131nda kurulmu\u015f ve 2023 y\u0131l\u0131nda yeniden markala\u015fma s\u00fcrecinden ge\u00e7mi\u015ftir ve \u015fu anda yeni MPower ad\u0131 alt\u0131nda faaliyet g\u00f6stermektedir.<\/p>\n\t\t<\/div>\n\t\t[\/vc_column_inner][vc_column_inner offset=&#8221;vc_col-lg-6 vc_col-md-6&#8243;]\t\t<div id=\"wd-68a6d89680eb3\" class=\"wd-text-block wd-wpb reset-last-child wd-rs-68a6d89680eb3 text-left wd-fontsize-custom vc_custom_1755764908711\">\n\t\t\t<p>\u015eirket, ekipman tasar\u0131m\u0131 ve teslimat\u0131ndan kurulum ve teknik deste\u011fe kadar eksiksiz bir \u00e7\u00f6z\u00fcm d\u00f6ng\u00fcs\u00fc sa\u011flama konusunda uzmanla\u015fm\u0131\u015ft\u0131r ve m\u00fc\u015fterilerine eksiksiz anahtar teslimi \u00e7\u00f6z\u00fcmler sunmaktad\u0131r. MPower, her projenin y\u00fcr\u00fct\u00fclmesinde y\u00fcksek kaliteli \u00fcr\u00fcn ve hizmetlerin yan\u0131 s\u0131ra profesyonellik ve sorumlulu\u011fu garanti eden g\u00fcvenilir bir ortak olarak kendini tan\u0131tmaktad\u0131r.<\/p>\n\t\t<\/div>\n\t\t[\/vc_column_inner][\/vc_row_inner][vc_separator color=&#8221;custom&#8221; css=&#8221;.vc_custom_1500278392469{margin-bottom: 30px !important;}&#8221; accent_color=&#8221;rgba(130,130,130,0.22)&#8221;][vc_row_inner woodmart_box_shadow=&#8221;no&#8221; wd_z_index=&#8221;no&#8221; woodmart_css_id=&#8221;6152fe10c2c39&#8243; responsive_spacing=&#8221;eyJwYXJhbV90eXBlIjoid29vZG1hcnRfcmVzcG9uc2l2ZV9zcGFjaW5nIiwic2VsZWN0b3JfaWQiOiI2MTUyZmUxMGMyYzM5Iiwic2hvcnRjb2RlIjoidmNfcm93X2lubmVyIiwiZGF0YSI6eyJ0YWJsZXQiOnt9LCJtb2JpbGUiOnt9fX0=&#8221; row_reverse_mobile=&#8221;0&#8243; row_reverse_tablet=&#8221;0&#8243;][vc_column_inner width=&#8221;1\/2&#8243; css=&#8221;.vc_custom_1500278890890{margin-bottom: 0px !important;}&#8221;]\t\t<div id=\"wd-68a6d8b044891\" class=\"wd-text-block wd-wpb reset-last-child wd-rs-68a6d8b044891 text-left wd-fontsize-custom vc_custom_1755764932135\">\n\t\t\t<p>\u015eirket, m\u00fc\u015fterilerine en modern ve verimli \u00e7\u00f6z\u00fcmleri sunabilmelerini sa\u011flayan d\u00fcnyan\u0131n \u00f6nde gelen elektrikli ekipman \u00fcreticileriyle \u00e7al\u0131\u015fmaktad\u0131r. Mpower&#8217;\u0131n \u00f6nemli bir \u00f6zelli\u011fi, alternatif enerji kaynaklar\u0131 alan\u0131ndaki uzmanl\u0131\u011f\u0131d\u0131r.<\/p>\n\t\t<\/div>\n\t\t[\/vc_column_inner][vc_column_inner width=&#8221;1\/2&#8243; css=&#8221;.vc_custom_1500278885623{margin-bottom: 0px !important;}&#8221;]\t\t<div id=\"wd-68a6d8c6d1805\" class=\"wd-text-block wd-wpb reset-last-child wd-rs-68a6d8c6d1805 text-left wd-fontsize-custom vc_custom_1755764955873\">\n\t\t\t<p>MPower ekibi, elektrik ve enerji m\u00fchendisli\u011fi alanlar\u0131nda uzun y\u0131llara dayanan deneyime sahip y\u00fcksek vas\u0131fl\u0131 uzmanlardan olu\u015fmaktad\u0131r. \u015eirketin i\u015fleyi\u015finin her alan\u0131nda y\u00fcksek d\u00fczeyde profesyonellik, kalite ve yenilik sa\u011flarlar.<\/p>\n\t\t<\/div>\n\t\t[\/vc_column_inner][\/vc_row_inner][\/vc_column][\/vc_row][\/vc_section]<\/p>\n<\/div>","protected":false},"excerpt":{"rendered":"<p>[vc_row][vc_column][\/vc_column][\/vc_row][vc_section full_width=&#8221;stretch_row&#8221; full_height=&#8221;yes&#8221; content_placement=&#8221;middle&#8221; woodmart_bg_position=&#8221;center-center&#8221; woodmart_gradient_switch=&#8221;yes&#8221; css=&#8221;.vc_custom_1755173348995{margin-bottom: -40px !important;padding-top: 200px !important;padding-bottom: 200px !important;background-image: url(https:\/\/mpower.com.tm\/wp-content\/uploads\/2025\/08\/old-about-me.jpg?id=) !important;background-position: center !important;background-repeat: no-repeat !important;background-size: cover<\/p>\n","protected":false},"author":1,"featured_media":0,"parent":0,"menu_order":0,"comment_status":"closed","ping_status":"closed","template":"","meta":{"footnotes":""},"class_list":["post-10754","page","type-page","status-publish","hentry"],"yoast_head":"<!-- This site is optimized with the Yoast SEO plugin v25.7 - https:\/\/yoast.com\/wordpress\/plugins\/seo\/ -->\n<title>Hakk\u0131m\u0131zda | MPower<\/title>\n<meta name=\"robots\" content=\"index, follow, max-snippet:-1, max-image-preview:large, max-video-preview:-1\" \/>\n<link rel=\"canonical\" href=\"https:\/\/mpower.com.tm\/tr\/hakkimizda\/\" \/>\n<meta property=\"og:locale\" content=\"tr_TR\" \/>\n<meta property=\"og:type\" content=\"article\" \/>\n<meta property=\"og:title\" content=\"Hakk\u0131m\u0131zda | MPower\" \/>\n<meta property=\"og:description\" content=\"[vc_row][vc_column][\/vc_column][\/vc_row][vc_section full_width=&#8221;stretch_row&#8221; full_height=&#8221;yes&#8221; content_placement=&#8221;middle&#8221; woodmart_bg_position=&#8221;center-center&#8221; woodmart_gradient_switch=&#8221;yes&#8221; css=&#8221;.vc_custom_1755173348995{margin-bottom: -40px !important;padding-top: 200px !important;padding-bottom: 200px !important;background-image: url(https:\/\/mpower.com.tm\/wp-content\/uploads\/2025\/08\/old-about-me.jpg?id=) !important;background-position: center !important;background-repeat: no-repeat !important;background-size: cover\" \/>\n<meta property=\"og:url\" content=\"https:\/\/mpower.com.tm\/tr\/hakkimizda\/\" \/>\n<meta property=\"og:site_name\" content=\"MPower\" \/>\n<meta property=\"article:modified_time\" content=\"2025-08-21T08:29:20+00:00\" \/>\n<meta property=\"og:image\" content=\"https:\/\/mpower.com.tm\/wp-content\/uploads\/2025\/08\/mpower-elektrotehnicheskoe-oborudovanie-v-turkmenistane.jpg\" \/>\n\t<meta property=\"og:image:width\" content=\"1901\" \/>\n\t<meta property=\"og:image:height\" content=\"947\" \/>\n\t<meta property=\"og:image:type\" content=\"image\/jpeg\" \/>\n<meta name=\"twitter:card\" content=\"summary_large_image\" \/>\n<meta name=\"twitter:label1\" content=\"Tahmini okuma s\u00fcresi\" \/>\n\t<meta name=\"twitter:data1\" content=\"2 dakika\" \/>\n<script type=\"application\/ld+json\" class=\"yoast-schema-graph\">{\"@context\":\"https:\/\/schema.org\",\"@graph\":[{\"@type\":\"WebPage\",\"@id\":\"https:\/\/mpower.com.tm\/tr\/hakkimizda\/\",\"url\":\"https:\/\/mpower.com.tm\/tr\/hakkimizda\/\",\"name\":\"Hakk\u0131m\u0131zda | MPower\",\"isPartOf\":{\"@id\":\"https:\/\/mpower.com.tm\/#website\"},\"datePublished\":\"2025-08-14T02:26:28+00:00\",\"dateModified\":\"2025-08-21T08:29:20+00:00\",\"breadcrumb\":{\"@id\":\"https:\/\/mpower.com.tm\/tr\/hakkimizda\/#breadcrumb\"},\"inLanguage\":\"tr\",\"potentialAction\":[{\"@type\":\"ReadAction\",\"target\":[\"https:\/\/mpower.com.tm\/tr\/hakkimizda\/\"]}]},{\"@type\":\"BreadcrumbList\",\"@id\":\"https:\/\/mpower.com.tm\/tr\/hakkimizda\/#breadcrumb\",\"itemListElement\":[{\"@type\":\"ListItem\",\"position\":1,\"name\":\"\u0413\u043b\u0430\u0432\u043d\u0430\u044f \u0441\u0442\u0440\u0430\u043d\u0438\u0446\u0430\",\"item\":\"https:\/\/mpower.com.tm\/tr\/\"},{\"@type\":\"ListItem\",\"position\":2,\"name\":\"Hakk\u0131m\u0131zda\"}]},{\"@type\":\"WebSite\",\"@id\":\"https:\/\/mpower.com.tm\/#website\",\"url\":\"https:\/\/mpower.com.tm\/\",\"name\":\"MPower\",\"description\":\"\u042d\u043b\u0435\u043a\u0442\u0440\u043e\u0442\u0435\u0445\u043d\u0438\u0447\u0435\u0441\u043a\u043e\u0435 \u043e\u0431\u043e\u0440\u0443\u0434\u043e\u0432\u0430\u043d\u0438\u0435 \u0432 \u0422\u0443\u0440\u043a\u043c\u0435\u043d\u0438\u0441\u0442\u0430\u043d\u0435\",\"publisher\":{\"@id\":\"https:\/\/mpower.com.tm\/#organization\"},\"potentialAction\":[{\"@type\":\"SearchAction\",\"target\":{\"@type\":\"EntryPoint\",\"urlTemplate\":\"https:\/\/mpower.com.tm\/?s={search_term_string}\"},\"query-input\":{\"@type\":\"PropertyValueSpecification\",\"valueRequired\":true,\"valueName\":\"search_term_string\"}}],\"inLanguage\":\"tr\"},{\"@type\":\"Organization\",\"@id\":\"https:\/\/mpower.com.tm\/#organization\",\"name\":\"MPower\",\"url\":\"https:\/\/mpower.com.tm\/\",\"logo\":{\"@type\":\"ImageObject\",\"inLanguage\":\"tr\",\"@id\":\"https:\/\/mpower.com.tm\/#\/schema\/logo\/image\/\",\"url\":\"https:\/\/mpower.com.tm\/wp-content\/uploads\/2025\/08\/02.png\",\"contentUrl\":\"https:\/\/mpower.com.tm\/wp-content\/uploads\/2025\/08\/02.png\",\"width\":512,\"height\":512,\"caption\":\"MPower\"},\"image\":{\"@id\":\"https:\/\/mpower.com.tm\/#\/schema\/logo\/image\/\"},\"sameAs\":[\"https:\/\/www.instagram.com\/reel\/DL4yTlhMBsi\/\"]}]}<\/script>\n<!-- \/ Yoast SEO plugin. -->","yoast_head_json":{"title":"Hakk\u0131m\u0131zda | MPower","robots":{"index":"index","follow":"follow","max-snippet":"max-snippet:-1","max-image-preview":"max-image-preview:large","max-video-preview":"max-video-preview:-1"},"canonical":"https:\/\/mpower.com.tm\/tr\/hakkimizda\/","og_locale":"tr_TR","og_type":"article","og_title":"Hakk\u0131m\u0131zda | MPower","og_description":"[vc_row][vc_column][\/vc_column][\/vc_row][vc_section full_width=&#8221;stretch_row&#8221; full_height=&#8221;yes&#8221; content_placement=&#8221;middle&#8221; woodmart_bg_position=&#8221;center-center&#8221; woodmart_gradient_switch=&#8221;yes&#8221; css=&#8221;.vc_custom_1755173348995{margin-bottom: -40px !important;padding-top: 200px !important;padding-bottom: 200px !important;background-image: url(https:\/\/mpower.com.tm\/wp-content\/uploads\/2025\/08\/old-about-me.jpg?id=) !important;background-position: center !important;background-repeat: no-repeat !important;background-size: cover","og_url":"https:\/\/mpower.com.tm\/tr\/hakkimizda\/","og_site_name":"MPower","article_modified_time":"2025-08-21T08:29:20+00:00","og_image":[{"width":1901,"height":947,"url":"https:\/\/mpower.com.tm\/wp-content\/uploads\/2025\/08\/mpower-elektrotehnicheskoe-oborudovanie-v-turkmenistane.jpg","type":"image\/jpeg"}],"twitter_card":"summary_large_image","twitter_misc":{"Tahmini okuma s\u00fcresi":"2 dakika"},"schema":{"@context":"https:\/\/schema.org","@graph":[{"@type":"WebPage","@id":"https:\/\/mpower.com.tm\/tr\/hakkimizda\/","url":"https:\/\/mpower.com.tm\/tr\/hakkimizda\/","name":"Hakk\u0131m\u0131zda | MPower","isPartOf":{"@id":"https:\/\/mpower.com.tm\/#website"},"datePublished":"2025-08-14T02:26:28+00:00","dateModified":"2025-08-21T08:29:20+00:00","breadcrumb":{"@id":"https:\/\/mpower.com.tm\/tr\/hakkimizda\/#breadcrumb"},"inLanguage":"tr","potentialAction":[{"@type":"ReadAction","target":["https:\/\/mpower.com.tm\/tr\/hakkimizda\/"]}]},{"@type":"BreadcrumbList","@id":"https:\/\/mpower.com.tm\/tr\/hakkimizda\/#breadcrumb","itemListElement":[{"@type":"ListItem","position":1,"name":"\u0413\u043b\u0430\u0432\u043d\u0430\u044f \u0441\u0442\u0440\u0430\u043d\u0438\u0446\u0430","item":"https:\/\/mpower.com.tm\/tr\/"},{"@type":"ListItem","position":2,"name":"Hakk\u0131m\u0131zda"}]},{"@type":"WebSite","@id":"https:\/\/mpower.com.tm\/#website","url":"https:\/\/mpower.com.tm\/","name":"MPower","description":"\u042d\u043b\u0435\u043a\u0442\u0440\u043e\u0442\u0435\u0445\u043d\u0438\u0447\u0435\u0441\u043a\u043e\u0435 \u043e\u0431\u043e\u0440\u0443\u0434\u043e\u0432\u0430\u043d\u0438\u0435 \u0432 \u0422\u0443\u0440\u043a\u043c\u0435\u043d\u0438\u0441\u0442\u0430\u043d\u0435","publisher":{"@id":"https:\/\/mpower.com.tm\/#organization"},"potentialAction":[{"@type":"SearchAction","target":{"@type":"EntryPoint","urlTemplate":"https:\/\/mpower.com.tm\/?s={search_term_string}"},"query-input":{"@type":"PropertyValueSpecification","valueRequired":true,"valueName":"search_term_string"}}],"inLanguage":"tr"},{"@type":"Organization","@id":"https:\/\/mpower.com.tm\/#organization","name":"MPower","url":"https:\/\/mpower.com.tm\/","logo":{"@type":"ImageObject","inLanguage":"tr","@id":"https:\/\/mpower.com.tm\/#\/schema\/logo\/image\/","url":"https:\/\/mpower.com.tm\/wp-content\/uploads\/2025\/08\/02.png","contentUrl":"https:\/\/mpower.com.tm\/wp-content\/uploads\/2025\/08\/02.png","width":512,"height":512,"caption":"MPower"},"image":{"@id":"https:\/\/mpower.com.tm\/#\/schema\/logo\/image\/"},"sameAs":["https:\/\/www.instagram.com\/reel\/DL4yTlhMBsi\/"]}]}},"_links":{"self":[{"href":"https:\/\/mpower.com.tm\/tr\/wp-json\/wp\/v2\/pages\/10754","targetHints":{"allow":["GET"]}}],"collection":[{"href":"https:\/\/mpower.com.tm\/tr\/wp-json\/wp\/v2\/pages"}],"about":[{"href":"https:\/\/mpower.com.tm\/tr\/wp-json\/wp\/v2\/types\/page"}],"author":[{"embeddable":true,"href":"https:\/\/mpower.com.tm\/tr\/wp-json\/wp\/v2\/users\/1"}],"replies":[{"embeddable":true,"href":"https:\/\/mpower.com.tm\/tr\/wp-json\/wp\/v2\/comments?post=10754"}],"version-history":[{"count":3,"href":"https:\/\/mpower.com.tm\/tr\/wp-json\/wp\/v2\/pages\/10754\/revisions"}],"predecessor-version":[{"id":10971,"href":"https:\/\/mpower.com.tm\/tr\/wp-json\/wp\/v2\/pages\/10754\/revisions\/10971"}],"wp:attachment":[{"href":"https:\/\/mpower.com.tm\/tr\/wp-json\/wp\/v2\/media?parent=10754"}],"curies":[{"name":"wp","href":"https:\/\/api.w.org\/{rel}","templated":true}]}}