{"id":10763,"date":"2025-08-15T06:52:02","date_gmt":"2025-08-15T01:52:02","guid":{"rendered":"https:\/\/mpower.com.tm\/proekty\/"},"modified":"2025-08-21T14:10:36","modified_gmt":"2025-08-21T09:10:36","slug":"projeler","status":"publish","type":"page","link":"https:\/\/mpower.com.tm\/tr\/projeler\/","title":{"rendered":"Projeler"},"content":{"rendered":"<div class=\"wpb-content-wrapper\"><p>[vc_row][vc_column]\n\t\t<div id=\"wd-68a6dde1a58a9\" class=\"title-wrapper wd-wpb wd-set-mb reset-last-child  wd-rs-68a6dde1a58a9 wd-title-color-default wd-title-style-default text-center  wd-underline-colored\">\n\t\t\t\n\t\t\t<div class=\"liner-continer\">\n\t\t\t\t<h4 class=\"woodmart-title-container title  wd-font-weight-700 wd-fontsize-xxl\" >Projelerimiz<\/h4>\n\t\t\t\t\t\t\t<\/div>\n\t\t\t\n\t\t\t\n\t\t\t\n\t\t<\/div>\n\t\t\n\t\t[\/vc_column][\/vc_row][vc_row][vc_column width=&#8221;1\/3&#8243;][vc_single_image image=&#8221;10666&#8243; img_size=&#8221;full&#8221; alignment=&#8221;center&#8221; style=&#8221;vc_box_rounded&#8221; onclick=&#8221;img_link_large&#8221; css=&#8221;.vc_custom_1755625751707{margin-bottom: 15px !important;}&#8221; wd_animation=&#8221;top-flip-x&#8221; parallax_scroll=&#8221;no&#8221; woodmart_inline=&#8221;no&#8221; el_class=&#8221;hover-wrapper&#8221; wd_animation_delay=&#8221;200&#8243;]\t\t<div id=\"wd-68a6e159d3b14\" class=\"wd-text-block wd-wpb reset-last-child wd-animation-slide-from-top wd-animation-normal wd-rs-68a6e159d3b14 text-center \">\n\t\t\t<p><strong>Kakhka \u015fehrinde \u00ab110kV Trafo Merkezi\u00bb<\/strong><\/p>\n\t\t<\/div>\n\t\t[\/vc_column][vc_column width=&#8221;1\/3&#8243;][vc_single_image image=&#8221;9565&#8243; img_size=&#8221;full&#8221; alignment=&#8221;center&#8221; style=&#8221;vc_box_rounded&#8221; onclick=&#8221;img_link_large&#8221; css_animation=&#8221;none&#8221; css=&#8221;.vc_custom_1755625301682{margin-bottom: 15px !important;}&#8221; wd_animation=&#8221;top-flip-x&#8221; parallax_scroll=&#8221;no&#8221; woodmart_inline=&#8221;no&#8221; el_class=&#8221;hover-wrapper&#8221; wd_animation_delay=&#8221;400&#8243;]\t\t<div id=\"wd-68a6e173ea0cd\" class=\"wd-text-block wd-wpb reset-last-child wd-animation-slide-from-top wd-animation-normal wd-rs-68a6e173ea0cd text-center \">\n\t\t\t<p><strong>Baherden \u015fehrinde \u00abTrafo Merkezi 110kV\u00bb<\/strong><\/p>\n\t\t<\/div>\n\t\t[\/vc_column][vc_column width=&#8221;1\/3&#8243;][vc_single_image image=&#8221;9567&#8243; img_size=&#8221;full&#8221; alignment=&#8221;center&#8221; style=&#8221;vc_box_rounded&#8221; onclick=&#8221;img_link_large&#8221; css_animation=&#8221;none&#8221; css=&#8221;.vc_custom_1755625311011{margin-bottom: 15px !important;}&#8221; wd_animation=&#8221;top-flip-x&#8221; parallax_scroll=&#8221;no&#8221; woodmart_inline=&#8221;no&#8221; el_class=&#8221;hover-wrapper&#8221; wd_animation_delay=&#8221;600&#8243;]\t\t<div id=\"wd-68a6e18fcbb9f\" class=\"wd-text-block wd-wpb reset-last-child wd-animation-slide-from-top wd-animation-normal wd-rs-68a6e18fcbb9f text-center \">\n\t\t\t<p><strong>\u00abSera ve 10kV hatlar\u00bb<\/strong><\/p>\n\t\t<\/div>\n\t\t[\/vc_column][\/vc_row][vc_row][vc_column width=&#8221;1\/3&#8243;][vc_single_image image=&#8221;9570&#8243; img_size=&#8221;full&#8221; alignment=&#8221;center&#8221; style=&#8221;vc_box_rounded&#8221; onclick=&#8221;img_link_large&#8221; css_animation=&#8221;none&#8221; css=&#8221;.vc_custom_1755625762486{margin-bottom: 15px !important;}&#8221; wd_animation=&#8221;top-flip-x&#8221; parallax_scroll=&#8221;no&#8221; woodmart_inline=&#8221;no&#8221; el_class=&#8221;hover-wrapper&#8221; wd_animation_delay=&#8221;800&#8243;]\t\t<div id=\"wd-68a6e1af08626\" class=\"wd-text-block wd-wpb reset-last-child wd-animation-slide-from-top wd-animation-normal wd-rs-68a6e1af08626 text-center \">\n\t\t\t<p><strong>Yuzgant k\u00f6y\u00fcndeki \u00abBula\u015f\u0131c\u0131 Hastal\u0131klar Hastanesi\u00bb<\/strong><\/p>\n\t\t<\/div>\n\t\t[\/vc_column][vc_column width=&#8221;1\/3&#8243;][vc_single_image image=&#8221;9571&#8243; img_size=&#8221;full&#8221; alignment=&#8221;center&#8221; style=&#8221;vc_box_rounded&#8221; onclick=&#8221;img_link_large&#8221; css_animation=&#8221;none&#8221; css=&#8221;.vc_custom_1755625772477{margin-bottom: 15px !important;}&#8221; wd_animation=&#8221;top-flip-x&#8221; parallax_scroll=&#8221;no&#8221; woodmart_inline=&#8221;no&#8221; el_class=&#8221;hover-wrapper&#8221; wd_animation_delay=&#8221;1000&#8243;]\t\t<div id=\"wd-68a6e1cbb612a\" class=\"wd-text-block wd-wpb reset-last-child wd-animation-slide-from-top wd-animation-normal wd-rs-68a6e1cbb612a text-center \">\n\t\t\t<p><strong>\u00abT\u00fcrkmenavtoban\u00bb \u015eirketi \u00abNusa\u00fd Yollari\u00bb<\/strong><\/p>\n\t\t<\/div>\n\t\t[\/vc_column][vc_column width=&#8221;1\/3&#8243;][vc_single_image image=&#8221;9573&#8243; img_size=&#8221;full&#8221; alignment=&#8221;center&#8221; style=&#8221;vc_box_rounded&#8221; onclick=&#8221;img_link_large&#8221; css_animation=&#8221;none&#8221; css=&#8221;.vc_custom_1755625782316{margin-bottom: 15px !important;}&#8221; wd_animation=&#8221;top-flip-x&#8221; parallax_scroll=&#8221;no&#8221; woodmart_inline=&#8221;no&#8221; el_class=&#8221;hover-wrapper&#8221; wd_animation_delay=&#8221;1200&#8243;]\t\t<div id=\"wd-68a6e1f1399a4\" class=\"wd-text-block wd-wpb reset-last-child wd-animation-slide-from-top wd-animation-normal wd-rs-68a6e1f1399a4 text-center \">\n\t\t\t<p><strong>Arkada\u011f \u015fehrinde \u00abAmbulans Merkezi\u00bb<\/strong><\/p>\n\t\t<\/div>\n\t\t[\/vc_column][\/vc_row][vc_row][vc_column width=&#8221;1\/3&#8243;][vc_single_image image=&#8221;9576&#8243; img_size=&#8221;full&#8221; alignment=&#8221;center&#8221; style=&#8221;vc_box_rounded&#8221; onclick=&#8221;img_link_large&#8221; css_animation=&#8221;none&#8221; css=&#8221;.vc_custom_1755625791436{margin-bottom: 15px !important;}&#8221; wd_animation=&#8221;top-flip-x&#8221; parallax_scroll=&#8221;no&#8221; woodmart_inline=&#8221;no&#8221; el_class=&#8221;hover-wrapper&#8221;]\t\t<div id=\"wd-68a6e20f3186a\" class=\"wd-text-block wd-wpb reset-last-child wd-animation-slide-from-top wd-animation-normal wd-rs-68a6e20f3186a text-center \">\n\t\t\t<p><strong>Arkada\u011f \u015fehrinde \u00ab7 katl\u0131 28 daireli konut binas\u0131\u00bb<\/strong><\/p>\n\t\t<\/div>\n\t\t[\/vc_column][vc_column width=&#8221;1\/3&#8243;][vc_single_image image=&#8221;9577&#8243; img_size=&#8221;full&#8221; alignment=&#8221;center&#8221; style=&#8221;vc_box_rounded&#8221; onclick=&#8221;img_link_large&#8221; css_animation=&#8221;none&#8221; css=&#8221;.vc_custom_1755625807566{margin-bottom: 15px !important;}&#8221; wd_animation=&#8221;top-flip-x&#8221; parallax_scroll=&#8221;no&#8221; woodmart_inline=&#8221;no&#8221; el_class=&#8221;hover-wrapper&#8221;]\t\t<div id=\"wd-68a6e229c5e10\" class=\"wd-text-block wd-wpb reset-last-child wd-animation-slide-from-top wd-animation-normal wd-rs-68a6e229c5e10 text-center \">\n\t\t\t<p><strong>Alkols\u00fcz i\u00e7ecek fabrikas\u0131 \u00abBold\u00bb<\/strong><\/p>\n\t\t<\/div>\n\t\t[\/vc_column][vc_column width=&#8221;1\/3&#8243;][vc_single_image image=&#8221;9578&#8243; img_size=&#8221;full&#8221; alignment=&#8221;center&#8221; style=&#8221;vc_box_rounded&#8221; onclick=&#8221;img_link_large&#8221; css_animation=&#8221;none&#8221; css=&#8221;.vc_custom_1755625814965{margin-bottom: 15px !important;}&#8221; wd_animation=&#8221;top-flip-x&#8221; parallax_scroll=&#8221;no&#8221; woodmart_inline=&#8221;no&#8221; el_class=&#8221;hover-wrapper&#8221;]\t\t<div id=\"wd-68a6e24009795\" class=\"wd-text-block wd-wpb reset-last-child wd-animation-slide-from-top wd-animation-normal wd-rs-68a6e24009795 text-center \">\n\t\t\t<p><strong>Bayramali \u015fehrinde \u00abB\u00f6lge Hastanesi\u00bb<\/strong><\/p>\n\t\t<\/div>\n\t\t[\/vc_column][\/vc_row][vc_row css=&#8221;.vc_custom_1755107592988{margin-bottom: -20px !important;}&#8221; woodmart_css_id=&#8221;689cd05cbfe0b&#8221; responsive_spacing=&#8221;eyJwYXJhbV90eXBlIjoid29vZG1hcnRfcmVzcG9uc2l2ZV9zcGFjaW5nIiwic2VsZWN0b3JfaWQiOiI2ODljZDA1Y2JmZTBiIiwic2hvcnRjb2RlIjoidmNfcm93IiwiZGF0YSI6eyJ0YWJsZXQiOnt9LCJtb2JpbGUiOnt9fX0=&#8221; mobile_bg_img_hidden=&#8221;no&#8221; tablet_bg_img_hidden=&#8221;no&#8221; woodmart_parallax=&#8221;0&#8243; woodmart_gradient_switch=&#8221;no&#8221; woodmart_box_shadow=&#8221;no&#8221; wd_z_index=&#8221;no&#8221; woodmart_disable_overflow=&#8221;0&#8243; row_reverse_mobile=&#8221;0&#8243; row_reverse_tablet=&#8221;0&#8243;][vc_column width=&#8221;1\/3&#8243;][vc_single_image image=&#8221;9580&#8243; img_size=&#8221;full&#8221; alignment=&#8221;center&#8221; style=&#8221;vc_box_rounded&#8221; onclick=&#8221;img_link_large&#8221; css_animation=&#8221;none&#8221; css=&#8221;.vc_custom_1755625824357{margin-bottom: 15px !important;}&#8221; wd_animation=&#8221;top-flip-x&#8221; parallax_scroll=&#8221;no&#8221; woodmart_inline=&#8221;no&#8221; el_class=&#8221;hover-wrapper&#8221;]\t\t<div id=\"wd-68a6e25994b97\" class=\"wd-text-block wd-wpb reset-last-child wd-animation-slide-from-top wd-animation-normal wd-rs-68a6e25994b97 text-center \">\n\t\t\t<p><strong>Nebitda\u011f \u015fehrinde \u00abHastane\u00bb<\/strong><\/p>\n\t\t<\/div>\n\t\t[\/vc_column][vc_column width=&#8221;1\/3&#8243;][vc_single_image image=&#8221;9582&#8243; img_size=&#8221;full&#8221; alignment=&#8221;center&#8221; style=&#8221;vc_box_rounded&#8221; onclick=&#8221;img_link_large&#8221; css_animation=&#8221;none&#8221; css=&#8221;.vc_custom_1755625833077{margin-bottom: 15px !important;}&#8221; wd_animation=&#8221;top-flip-x&#8221; parallax_scroll=&#8221;no&#8221; woodmart_inline=&#8221;no&#8221; el_class=&#8221;hover-wrapper&#8221;]\t\t<div id=\"wd-68a6e27199c3e\" class=\"wd-text-block wd-wpb reset-last-child wd-animation-slide-from-top wd-animation-normal wd-rs-68a6e27199c3e text-center \">\n\t\t\t<p><strong>Etrap&#8217;\u0131n \u00ab300 ki\u015filik camisi\u00bb Lebap vilayetini Kar\u015f\u0131lad\u0131<\/strong><\/p>\n\t\t<\/div>\n\t\t[\/vc_column][vc_column width=&#8221;1\/3&#8243;][\/vc_column][\/vc_row]<\/p>\n<\/div>","protected":false},"excerpt":{"rendered":"<p>[vc_row][vc_column][\/vc_column][\/vc_row][vc_row][vc_column width=&#8221;1\/3&#8243;][vc_single_image image=&#8221;10666&#8243; img_size=&#8221;full&#8221; alignment=&#8221;center&#8221; style=&#8221;vc_box_rounded&#8221; onclick=&#8221;img_link_large&#8221; css=&#8221;.vc_custom_1755625751707{margin-bottom: 15px !important;}&#8221; wd_animation=&#8221;top-flip-x&#8221; parallax_scroll=&#8221;no&#8221; woodmart_inline=&#8221;no&#8221; el_class=&#8221;hover-wrapper&#8221; wd_animation_delay=&#8221;200&#8243;][\/vc_column][vc_column width=&#8221;1\/3&#8243;][vc_single_image image=&#8221;9565&#8243; img_size=&#8221;full&#8221; alignment=&#8221;center&#8221; style=&#8221;vc_box_rounded&#8221;<\/p>\n","protected":false},"author":1,"featured_media":0,"parent":0,"menu_order":0,"comment_status":"closed","ping_status":"closed","template":"","meta":{"footnotes":""},"class_list":["post-10763","page","type-page","status-publish","hentry"],"yoast_head":"<!-- This site is optimized with the Yoast SEO plugin v25.7 - https:\/\/yoast.com\/wordpress\/plugins\/seo\/ -->\n<title>Projeler | MPower<\/title>\n<meta name=\"robots\" content=\"index, follow, max-snippet:-1, max-image-preview:large, max-video-preview:-1\" \/>\n<link rel=\"canonical\" href=\"https:\/\/mpower.com.tm\/tr\/projeler\/\" \/>\n<meta property=\"og:locale\" content=\"tr_TR\" \/>\n<meta property=\"og:type\" content=\"article\" \/>\n<meta property=\"og:title\" content=\"Projeler | MPower\" \/>\n<meta property=\"og:description\" content=\"[vc_row][vc_column][\/vc_column][\/vc_row][vc_row][vc_column width=&#8221;1\/3&#8243;][vc_single_image image=&#8221;10666&#8243; img_size=&#8221;full&#8221; alignment=&#8221;center&#8221; style=&#8221;vc_box_rounded&#8221; onclick=&#8221;img_link_large&#8221; css=&#8221;.vc_custom_1755625751707{margin-bottom: 15px !important;}&#8221; wd_animation=&#8221;top-flip-x&#8221; parallax_scroll=&#8221;no&#8221; woodmart_inline=&#8221;no&#8221; el_class=&#8221;hover-wrapper&#8221; wd_animation_delay=&#8221;200&#8243;][\/vc_column][vc_column width=&#8221;1\/3&#8243;][vc_single_image image=&#8221;9565&#8243; img_size=&#8221;full&#8221; alignment=&#8221;center&#8221; style=&#8221;vc_box_rounded&#8221;\" \/>\n<meta property=\"og:url\" content=\"https:\/\/mpower.com.tm\/tr\/projeler\/\" \/>\n<meta property=\"og:site_name\" content=\"MPower\" \/>\n<meta property=\"article:modified_time\" content=\"2025-08-21T09:10:36+00:00\" \/>\n<meta property=\"og:image\" content=\"https:\/\/mpower.com.tm\/wp-content\/uploads\/2025\/08\/mpower-elektrotehnicheskoe-oborudovanie-v-turkmenistane.jpg\" \/>\n\t<meta property=\"og:image:width\" content=\"1901\" \/>\n\t<meta property=\"og:image:height\" content=\"947\" \/>\n\t<meta property=\"og:image:type\" content=\"image\/jpeg\" \/>\n<meta name=\"twitter:card\" content=\"summary_large_image\" \/>\n<meta name=\"twitter:label1\" content=\"Tahmini okuma s\u00fcresi\" \/>\n\t<meta name=\"twitter:data1\" content=\"5 dakika\" \/>\n<script type=\"application\/ld+json\" class=\"yoast-schema-graph\">{\"@context\":\"https:\/\/schema.org\",\"@graph\":[{\"@type\":\"WebPage\",\"@id\":\"https:\/\/mpower.com.tm\/tr\/projeler\/\",\"url\":\"https:\/\/mpower.com.tm\/tr\/projeler\/\",\"name\":\"Projeler | MPower\",\"isPartOf\":{\"@id\":\"https:\/\/mpower.com.tm\/#website\"},\"datePublished\":\"2025-08-15T01:52:02+00:00\",\"dateModified\":\"2025-08-21T09:10:36+00:00\",\"breadcrumb\":{\"@id\":\"https:\/\/mpower.com.tm\/tr\/projeler\/#breadcrumb\"},\"inLanguage\":\"tr\",\"potentialAction\":[{\"@type\":\"ReadAction\",\"target\":[\"https:\/\/mpower.com.tm\/tr\/projeler\/\"]}]},{\"@type\":\"BreadcrumbList\",\"@id\":\"https:\/\/mpower.com.tm\/tr\/projeler\/#breadcrumb\",\"itemListElement\":[{\"@type\":\"ListItem\",\"position\":1,\"name\":\"\u0413\u043b\u0430\u0432\u043d\u0430\u044f \u0441\u0442\u0440\u0430\u043d\u0438\u0446\u0430\",\"item\":\"https:\/\/mpower.com.tm\/tr\/\"},{\"@type\":\"ListItem\",\"position\":2,\"name\":\"Projeler\"}]},{\"@type\":\"WebSite\",\"@id\":\"https:\/\/mpower.com.tm\/#website\",\"url\":\"https:\/\/mpower.com.tm\/\",\"name\":\"MPower\",\"description\":\"\u042d\u043b\u0435\u043a\u0442\u0440\u043e\u0442\u0435\u0445\u043d\u0438\u0447\u0435\u0441\u043a\u043e\u0435 \u043e\u0431\u043e\u0440\u0443\u0434\u043e\u0432\u0430\u043d\u0438\u0435 \u0432 \u0422\u0443\u0440\u043a\u043c\u0435\u043d\u0438\u0441\u0442\u0430\u043d\u0435\",\"publisher\":{\"@id\":\"https:\/\/mpower.com.tm\/#organization\"},\"potentialAction\":[{\"@type\":\"SearchAction\",\"target\":{\"@type\":\"EntryPoint\",\"urlTemplate\":\"https:\/\/mpower.com.tm\/?s={search_term_string}\"},\"query-input\":{\"@type\":\"PropertyValueSpecification\",\"valueRequired\":true,\"valueName\":\"search_term_string\"}}],\"inLanguage\":\"tr\"},{\"@type\":\"Organization\",\"@id\":\"https:\/\/mpower.com.tm\/#organization\",\"name\":\"MPower\",\"url\":\"https:\/\/mpower.com.tm\/\",\"logo\":{\"@type\":\"ImageObject\",\"inLanguage\":\"tr\",\"@id\":\"https:\/\/mpower.com.tm\/#\/schema\/logo\/image\/\",\"url\":\"https:\/\/mpower.com.tm\/wp-content\/uploads\/2025\/08\/02.png\",\"contentUrl\":\"https:\/\/mpower.com.tm\/wp-content\/uploads\/2025\/08\/02.png\",\"width\":512,\"height\":512,\"caption\":\"MPower\"},\"image\":{\"@id\":\"https:\/\/mpower.com.tm\/#\/schema\/logo\/image\/\"},\"sameAs\":[\"https:\/\/www.instagram.com\/reel\/DL4yTlhMBsi\/\"]}]}<\/script>\n<!-- \/ Yoast SEO plugin. -->","yoast_head_json":{"title":"Projeler | MPower","robots":{"index":"index","follow":"follow","max-snippet":"max-snippet:-1","max-image-preview":"max-image-preview:large","max-video-preview":"max-video-preview:-1"},"canonical":"https:\/\/mpower.com.tm\/tr\/projeler\/","og_locale":"tr_TR","og_type":"article","og_title":"Projeler | MPower","og_description":"[vc_row][vc_column][\/vc_column][\/vc_row][vc_row][vc_column width=&#8221;1\/3&#8243;][vc_single_image image=&#8221;10666&#8243; img_size=&#8221;full&#8221; alignment=&#8221;center&#8221; style=&#8221;vc_box_rounded&#8221; onclick=&#8221;img_link_large&#8221; css=&#8221;.vc_custom_1755625751707{margin-bottom: 15px !important;}&#8221; wd_animation=&#8221;top-flip-x&#8221; parallax_scroll=&#8221;no&#8221; woodmart_inline=&#8221;no&#8221; el_class=&#8221;hover-wrapper&#8221; wd_animation_delay=&#8221;200&#8243;][\/vc_column][vc_column width=&#8221;1\/3&#8243;][vc_single_image image=&#8221;9565&#8243; img_size=&#8221;full&#8221; alignment=&#8221;center&#8221; style=&#8221;vc_box_rounded&#8221;","og_url":"https:\/\/mpower.com.tm\/tr\/projeler\/","og_site_name":"MPower","article_modified_time":"2025-08-21T09:10:36+00:00","og_image":[{"width":1901,"height":947,"url":"https:\/\/mpower.com.tm\/wp-content\/uploads\/2025\/08\/mpower-elektrotehnicheskoe-oborudovanie-v-turkmenistane.jpg","type":"image\/jpeg"}],"twitter_card":"summary_large_image","twitter_misc":{"Tahmini okuma s\u00fcresi":"5 dakika"},"schema":{"@context":"https:\/\/schema.org","@graph":[{"@type":"WebPage","@id":"https:\/\/mpower.com.tm\/tr\/projeler\/","url":"https:\/\/mpower.com.tm\/tr\/projeler\/","name":"Projeler | MPower","isPartOf":{"@id":"https:\/\/mpower.com.tm\/#website"},"datePublished":"2025-08-15T01:52:02+00:00","dateModified":"2025-08-21T09:10:36+00:00","breadcrumb":{"@id":"https:\/\/mpower.com.tm\/tr\/projeler\/#breadcrumb"},"inLanguage":"tr","potentialAction":[{"@type":"ReadAction","target":["https:\/\/mpower.com.tm\/tr\/projeler\/"]}]},{"@type":"BreadcrumbList","@id":"https:\/\/mpower.com.tm\/tr\/projeler\/#breadcrumb","itemListElement":[{"@type":"ListItem","position":1,"name":"\u0413\u043b\u0430\u0432\u043d\u0430\u044f \u0441\u0442\u0440\u0430\u043d\u0438\u0446\u0430","item":"https:\/\/mpower.com.tm\/tr\/"},{"@type":"ListItem","position":2,"name":"Projeler"}]},{"@type":"WebSite","@id":"https:\/\/mpower.com.tm\/#website","url":"https:\/\/mpower.com.tm\/","name":"MPower","description":"\u042d\u043b\u0435\u043a\u0442\u0440\u043e\u0442\u0435\u0445\u043d\u0438\u0447\u0435\u0441\u043a\u043e\u0435 \u043e\u0431\u043e\u0440\u0443\u0434\u043e\u0432\u0430\u043d\u0438\u0435 \u0432 \u0422\u0443\u0440\u043a\u043c\u0435\u043d\u0438\u0441\u0442\u0430\u043d\u0435","publisher":{"@id":"https:\/\/mpower.com.tm\/#organization"},"potentialAction":[{"@type":"SearchAction","target":{"@type":"EntryPoint","urlTemplate":"https:\/\/mpower.com.tm\/?s={search_term_string}"},"query-input":{"@type":"PropertyValueSpecification","valueRequired":true,"valueName":"search_term_string"}}],"inLanguage":"tr"},{"@type":"Organization","@id":"https:\/\/mpower.com.tm\/#organization","name":"MPower","url":"https:\/\/mpower.com.tm\/","logo":{"@type":"ImageObject","inLanguage":"tr","@id":"https:\/\/mpower.com.tm\/#\/schema\/logo\/image\/","url":"https:\/\/mpower.com.tm\/wp-content\/uploads\/2025\/08\/02.png","contentUrl":"https:\/\/mpower.com.tm\/wp-content\/uploads\/2025\/08\/02.png","width":512,"height":512,"caption":"MPower"},"image":{"@id":"https:\/\/mpower.com.tm\/#\/schema\/logo\/image\/"},"sameAs":["https:\/\/www.instagram.com\/reel\/DL4yTlhMBsi\/"]}]}},"_links":{"self":[{"href":"https:\/\/mpower.com.tm\/tr\/wp-json\/wp\/v2\/pages\/10763","targetHints":{"allow":["GET"]}}],"collection":[{"href":"https:\/\/mpower.com.tm\/tr\/wp-json\/wp\/v2\/pages"}],"about":[{"href":"https:\/\/mpower.com.tm\/tr\/wp-json\/wp\/v2\/types\/page"}],"author":[{"embeddable":true,"href":"https:\/\/mpower.com.tm\/tr\/wp-json\/wp\/v2\/users\/1"}],"replies":[{"embeddable":true,"href":"https:\/\/mpower.com.tm\/tr\/wp-json\/wp\/v2\/comments?post=10763"}],"version-history":[{"count":4,"href":"https:\/\/mpower.com.tm\/tr\/wp-json\/wp\/v2\/pages\/10763\/revisions"}],"predecessor-version":[{"id":10977,"href":"https:\/\/mpower.com.tm\/tr\/wp-json\/wp\/v2\/pages\/10763\/revisions\/10977"}],"wp:attachment":[{"href":"https:\/\/mpower.com.tm\/tr\/wp-json\/wp\/v2\/media?parent=10763"}],"curies":[{"name":"wp","href":"https:\/\/api.w.org\/{rel}","templated":true}]}}